{"id":4392,"date":"2022-01-13T09:00:54","date_gmt":"2022-01-13T09:00:54","guid":{"rendered":"https:\/\/losdoscaballeros.com\/?post_type=product&#038;p=4392"},"modified":"2023-04-24T15:34:09","modified_gmt":"2023-04-24T15:34:09","slug":"lease-plan-3-el-vinero","status":"publish","type":"product","link":"https:\/\/losdoscaballeros.com\/es\/producto\/lease-plan-3-el-vinero\/","title":{"rendered":"The Winemaker - Plan de Arrendamiento de Vi\u00f1edos 3"},"content":{"rendered":"","protected":false},"excerpt":{"rendered":"<p>&nbsp;<\/p>\n<ul>\n<li>24 Vides Personales<\/li>\n<li>24 Botellas con etiqueta privada al a\u00f1o durante 2 a\u00f1os<\/li>\n<li>Documento de contrato de arrendamiento firmado para enmarcar<\/li>\n<li>Placa de lujo grabada indicando su(s) vi\u00f1a(s)<\/li>\n<li>Derecho a visitar el vi\u00f1edo con cita previa<\/li>\n<li>Actualizaciones sobre el vi\u00f1edo y sus vides<\/li>\n<li>Derecho a unirse a la cosecha con cita previa<\/li>\n<li>15% de descuento en futuras compras en el vi\u00f1edo<\/li>\n<li>15% de descuento en las estancias en la finca<\/li>\n<li>1 noche de estancia gratuita al a\u00f1o en la casa de hu\u00e9spedes para un m\u00e1ximo de 4 personas<\/li>\n<li>Nombre elegido impreso en la botella \"Colecci\u00f3n privada de la familia Smith\"<\/li>\n<\/ul>\n<p><a href=\"http:\/\/losdoscaballeros.com\/wp-content\/uploads\/2021\/03\/condiciones-de-la-familia.pdf\">Condiciones generales de venta<\/a><\/p>\n<p><a href=\"https:\/\/losdoscaballeros.com\/es\/producto\/lease-plan-3-el-vinero\/\" class=\"more-link style3-button\">Read More<\/a><\/p>","protected":false},"featured_media":4430,"template":"","meta":{"_monsterinsights_skip_tracking":false,"_monsterinsights_sitenote_active":false,"_monsterinsights_sitenote_note":"","_monsterinsights_sitenote_category":0},"product_cat":[39],"product_tag":[],"yoast_head":"<!-- This site is optimized with the Yoast SEO plugin v22.3 - https:\/\/yoast.com\/wordpress\/plugins\/seo\/ -->\n<title>The Winemaker - Vine Lease Plan 3 - Los Dos Caballeros<\/title>\n<meta name=\"description\" content=\"&nbsp;   24 Personal vines  24 Private labeled bottles per year for 2 years  Signed lease agreement document to be framed  Engraved placard indicating your vine(s)  Right to visit the vineyard with prior appointment  Updates on the vineyard and your vines  Right to join the harvest with prior appointment  15% discount on future purchases  15% discount on bookable stays in the finca once per year  1 free night stay per year in our guest house  Chosen name printed on bottle \u201cSmith Family Private Collection\u201d  Terms and conditions\" \/>\n<meta name=\"robots\" content=\"index, follow, max-snippet:-1, max-image-preview:large, max-video-preview:-1\" \/>\n<link rel=\"canonical\" href=\"https:\/\/losdoscaballeros.com\/es\/producto\/lease-plan-3-el-vinero\/\" \/>\n<meta property=\"og:locale\" content=\"es_ES\" \/>\n<meta property=\"og:type\" content=\"article\" \/>\n<meta property=\"og:title\" content=\"The Winemaker - Vine Lease Plan 3 - Los Dos Caballeros\" \/>\n<meta property=\"og:description\" content=\"&nbsp;   24 Personal vines  24 Private labeled bottles per year for 2 years  Signed lease agreement document to be framed  Engraved placard indicating your vine(s)  Right to visit the vineyard with prior appointment  Updates on the vineyard and your vines  Right to join the harvest with prior appointment  15% discount on future purchases  15% discount on bookable stays in the finca once per year  1 free night stay per year in our guest house  Chosen name printed on bottle \u201cSmith Family Private Collection\u201d  Terms and conditions\" \/>\n<meta property=\"og:url\" content=\"https:\/\/losdoscaballeros.com\/es\/producto\/lease-plan-3-el-vinero\/\" \/>\n<meta property=\"og:site_name\" content=\"Los Dos Caballeros\" \/>\n<meta property=\"article:modified_time\" content=\"2023-04-24T15:34:09+00:00\" \/>\n<meta property=\"og:image\" content=\"https:\/\/losdoscaballeros.com\/wp-content\/uploads\/2021\/03\/on-a-pedestal-1.jpg\" \/>\n\t<meta property=\"og:image:width\" content=\"1200\" \/>\n\t<meta property=\"og:image:height\" content=\"1200\" \/>\n\t<meta property=\"og:image:type\" content=\"image\/jpeg\" \/>\n<meta name=\"twitter:card\" content=\"summary_large_image\" \/>\n<script type=\"application\/ld+json\" class=\"yoast-schema-graph\">{\"@context\":\"https:\/\/schema.org\",\"@graph\":[{\"@type\":\"WebPage\",\"@id\":\"https:\/\/losdoscaballeros.com\/product\/lease-plan-3-el-vinero\/\",\"url\":\"https:\/\/losdoscaballeros.com\/product\/lease-plan-3-el-vinero\/\",\"name\":\"The Winemaker - Vine Lease Plan 3 - Los Dos Caballeros\",\"isPartOf\":{\"@id\":\"https:\/\/losdoscaballeros.com\/#website\"},\"primaryImageOfPage\":{\"@id\":\"https:\/\/losdoscaballeros.com\/product\/lease-plan-3-el-vinero\/#primaryimage\"},\"image\":{\"@id\":\"https:\/\/losdoscaballeros.com\/product\/lease-plan-3-el-vinero\/#primaryimage\"},\"thumbnailUrl\":\"https:\/\/losdoscaballeros.com\/wp-content\/uploads\/2021\/03\/on-a-pedestal-1.jpg\",\"datePublished\":\"2022-01-13T09:00:54+00:00\",\"dateModified\":\"2023-04-24T15:34:09+00:00\",\"description\":\"&nbsp; 24 Personal vines 24 Private labeled bottles per year for 2 years Signed lease agreement document to be framed Engraved placard indicating your vine(s) Right to visit the vineyard with prior appointment Updates on the vineyard and your vines Right to join the harvest with prior appointment 15% discount on future purchases 15% discount on bookable stays in the finca once per year 1 free night stay per year in our guest house Chosen name printed on bottle \u201cSmith Family Private Collection\u201d Terms and conditions\",\"breadcrumb\":{\"@id\":\"https:\/\/losdoscaballeros.com\/product\/lease-plan-3-el-vinero\/#breadcrumb\"},\"inLanguage\":\"es\",\"potentialAction\":[{\"@type\":\"ReadAction\",\"target\":[\"https:\/\/losdoscaballeros.com\/product\/lease-plan-3-el-vinero\/\"]}]},{\"@type\":\"ImageObject\",\"inLanguage\":\"es\",\"@id\":\"https:\/\/losdoscaballeros.com\/product\/lease-plan-3-el-vinero\/#primaryimage\",\"url\":\"https:\/\/losdoscaballeros.com\/wp-content\/uploads\/2021\/03\/on-a-pedestal-1.jpg\",\"contentUrl\":\"https:\/\/losdoscaballeros.com\/wp-content\/uploads\/2021\/03\/on-a-pedestal-1.jpg\",\"width\":1200,\"height\":1200},{\"@type\":\"BreadcrumbList\",\"@id\":\"https:\/\/losdoscaballeros.com\/product\/lease-plan-3-el-vinero\/#breadcrumb\",\"itemListElement\":[{\"@type\":\"ListItem\",\"position\":1,\"name\":\"Home\",\"item\":\"https:\/\/losdoscaballeros.com\/\"},{\"@type\":\"ListItem\",\"position\":2,\"name\":\"SHOP\",\"item\":\"https:\/\/losdoscaballeros.com\/shop\/\"},{\"@type\":\"ListItem\",\"position\":3,\"name\":\"The Winemaker &#8211; Vine Lease Plan 3\"}]},{\"@type\":\"WebSite\",\"@id\":\"https:\/\/losdoscaballeros.com\/#website\",\"url\":\"https:\/\/losdoscaballeros.com\/\",\"name\":\"Los Dos Caballeros\",\"description\":\"Winery\",\"potentialAction\":[{\"@type\":\"SearchAction\",\"target\":{\"@type\":\"EntryPoint\",\"urlTemplate\":\"https:\/\/losdoscaballeros.com\/?s={search_term_string}\"},\"query-input\":\"required name=search_term_string\"}],\"inLanguage\":\"es\"}]}<\/script>\n<!-- \/ Yoast SEO plugin. -->","yoast_head_json":{"title":"The Winemaker - Vine Lease Plan 3 - Los Dos Caballeros","description":"&nbsp;   24 Personal vines  24 Private labeled bottles per year for 2 years  Signed lease agreement document to be framed  Engraved placard indicating your vine(s)  Right to visit the vineyard with prior appointment  Updates on the vineyard and your vines  Right to join the harvest with prior appointment  15% discount on future purchases  15% discount on bookable stays in the finca once per year  1 free night stay per year in our guest house  Chosen name printed on bottle \u201cSmith Family Private Collection\u201d  Terms and conditions","robots":{"index":"index","follow":"follow","max-snippet":"max-snippet:-1","max-image-preview":"max-image-preview:large","max-video-preview":"max-video-preview:-1"},"canonical":"https:\/\/losdoscaballeros.com\/es\/producto\/lease-plan-3-el-vinero\/","og_locale":"es_ES","og_type":"article","og_title":"The Winemaker - Vine Lease Plan 3 - Los Dos Caballeros","og_description":"&nbsp;   24 Personal vines  24 Private labeled bottles per year for 2 years  Signed lease agreement document to be framed  Engraved placard indicating your vine(s)  Right to visit the vineyard with prior appointment  Updates on the vineyard and your vines  Right to join the harvest with prior appointment  15% discount on future purchases  15% discount on bookable stays in the finca once per year  1 free night stay per year in our guest house  Chosen name printed on bottle \u201cSmith Family Private Collection\u201d  Terms and conditions","og_url":"https:\/\/losdoscaballeros.com\/es\/producto\/lease-plan-3-el-vinero\/","og_site_name":"Los Dos Caballeros","article_modified_time":"2023-04-24T15:34:09+00:00","og_image":[{"width":1200,"height":1200,"url":"https:\/\/losdoscaballeros.com\/wp-content\/uploads\/2021\/03\/on-a-pedestal-1.jpg","type":"image\/jpeg"}],"twitter_card":"summary_large_image","schema":{"@context":"https:\/\/schema.org","@graph":[{"@type":"WebPage","@id":"https:\/\/losdoscaballeros.com\/product\/lease-plan-3-el-vinero\/","url":"https:\/\/losdoscaballeros.com\/product\/lease-plan-3-el-vinero\/","name":"The Winemaker - Vine Lease Plan 3 - Los Dos Caballeros","isPartOf":{"@id":"https:\/\/losdoscaballeros.com\/#website"},"primaryImageOfPage":{"@id":"https:\/\/losdoscaballeros.com\/product\/lease-plan-3-el-vinero\/#primaryimage"},"image":{"@id":"https:\/\/losdoscaballeros.com\/product\/lease-plan-3-el-vinero\/#primaryimage"},"thumbnailUrl":"https:\/\/losdoscaballeros.com\/wp-content\/uploads\/2021\/03\/on-a-pedestal-1.jpg","datePublished":"2022-01-13T09:00:54+00:00","dateModified":"2023-04-24T15:34:09+00:00","description":"&nbsp; 24 Personal vines 24 Private labeled bottles per year for 2 years Signed lease agreement document to be framed Engraved placard indicating your vine(s) Right to visit the vineyard with prior appointment Updates on the vineyard and your vines Right to join the harvest with prior appointment 15% discount on future purchases 15% discount on bookable stays in the finca once per year 1 free night stay per year in our guest house Chosen name printed on bottle \u201cSmith Family Private Collection\u201d Terms and conditions","breadcrumb":{"@id":"https:\/\/losdoscaballeros.com\/product\/lease-plan-3-el-vinero\/#breadcrumb"},"inLanguage":"es","potentialAction":[{"@type":"ReadAction","target":["https:\/\/losdoscaballeros.com\/product\/lease-plan-3-el-vinero\/"]}]},{"@type":"ImageObject","inLanguage":"es","@id":"https:\/\/losdoscaballeros.com\/product\/lease-plan-3-el-vinero\/#primaryimage","url":"https:\/\/losdoscaballeros.com\/wp-content\/uploads\/2021\/03\/on-a-pedestal-1.jpg","contentUrl":"https:\/\/losdoscaballeros.com\/wp-content\/uploads\/2021\/03\/on-a-pedestal-1.jpg","width":1200,"height":1200},{"@type":"BreadcrumbList","@id":"https:\/\/losdoscaballeros.com\/product\/lease-plan-3-el-vinero\/#breadcrumb","itemListElement":[{"@type":"ListItem","position":1,"name":"Home","item":"https:\/\/losdoscaballeros.com\/"},{"@type":"ListItem","position":2,"name":"SHOP","item":"https:\/\/losdoscaballeros.com\/shop\/"},{"@type":"ListItem","position":3,"name":"The Winemaker &#8211; Vine Lease Plan 3"}]},{"@type":"WebSite","@id":"https:\/\/losdoscaballeros.com\/#website","url":"https:\/\/losdoscaballeros.com\/","name":"Los Dos Caballeros","description":"Winery","potentialAction":[{"@type":"SearchAction","target":{"@type":"EntryPoint","urlTemplate":"https:\/\/losdoscaballeros.com\/?s={search_term_string}"},"query-input":"required name=search_term_string"}],"inLanguage":"es"}]}},"_links":{"self":[{"href":"https:\/\/losdoscaballeros.com\/es\/wp-json\/wp\/v2\/product\/4392"}],"collection":[{"href":"https:\/\/losdoscaballeros.com\/es\/wp-json\/wp\/v2\/product"}],"about":[{"href":"https:\/\/losdoscaballeros.com\/es\/wp-json\/wp\/v2\/types\/product"}],"wp:featuredmedia":[{"embeddable":true,"href":"https:\/\/losdoscaballeros.com\/es\/wp-json\/wp\/v2\/media\/4430"}],"wp:attachment":[{"href":"https:\/\/losdoscaballeros.com\/es\/wp-json\/wp\/v2\/media?parent=4392"}],"wp:term":[{"taxonomy":"product_cat","embeddable":true,"href":"https:\/\/losdoscaballeros.com\/es\/wp-json\/wp\/v2\/product_cat?post=4392"},{"taxonomy":"product_tag","embeddable":true,"href":"https:\/\/losdoscaballeros.com\/es\/wp-json\/wp\/v2\/product_tag?post=4392"}],"curies":[{"name":"wp","href":"https:\/\/api.w.org\/{rel}","templated":true}]}}