{"id":4016,"date":"2020-08-18T08:51:30","date_gmt":"2020-08-18T08:51:30","guid":{"rendered":"https:\/\/losdoscaballeros.com\/?page_id=4016"},"modified":"2022-03-01T14:22:43","modified_gmt":"2022-03-01T14:22:43","slug":"book-now","status":"publish","type":"page","link":"https:\/\/losdoscaballeros.com\/es\/book-now\/","title":{"rendered":"Reservar ahora"},"content":{"rendered":"<div  class=\"tatsu-JToKNuJND tatsu-section  tatsu-parallax tatsu-section-custom-height tatsu-bg-overlay   tatsu-clearfix\" data-title=\"\"  data-headerscheme=\"background--dark\"><div class = \"tatsu-custom-height-wrap\"><div class='tatsu-section-pad clearfix' data-padding='{\"d\":\"200px 0% 200px 0% \"}' data-padding-top='200px'><\/div><div class=\"tatsu-section-background-wrap tatsu-parallax-element-wrap\"><div class = \"tatsu-section-background tatsu-parallax-element\" ><\/div><\/div><div class=\"tatsu-overlay tatsu-section-overlay\"><\/div><\/div><style>.tatsu-JToKNuJND.tatsu-section{background-color: rgba(29,29,29,1);}.tatsu-JToKNuJND .tatsu-section-background{background-image: url(http:\/\/losdoscaballeros.com\/wp-content\/uploads\/2021\/09\/72E7D0F8-3803-48C7-B82B-71D6AA039E6B-scaled.jpeg);background-repeat: no-repeat;background-attachment: scroll;background-position: bottom center;background-size: cover;}.tatsu-JToKNuJND .tatsu-bg-blur{background-repeat: no-repeat;background-attachment: scroll;background-position: bottom center;background-size: cover;}.tatsu-JToKNuJND{border-width: 0px 0px px 0px;border-style: solid;}.tatsu-JToKNuJND .tatsu-section-pad{padding: 200px 0% 200px 0% ;}.tatsu-JToKNuJND > .tatsu-bottom-divider{z-index: 9999;}.tatsu-JToKNuJND > .tatsu-top-divider{z-index: 9999;}.tatsu-JToKNuJND .tatsu-section-overlay{mix-blend-mode: normal;}.tatsu-JToKNuJND .tatsu-custom-height-wrap{align-items: center;min-height: 0vh;}<\/style><\/div><div  class=\"tatsu-1b8x6ePhxh tatsu-section    tatsu-clearfix\" data-title=\"\"  data-headerscheme=\"background--dark\"><div class='tatsu-section-pad clearfix' data-padding='{\"d\":\"0px 0px 38px 0px\"}' data-padding-top='0px'><div class=\"tatsu-row-wrap  tatsu-row-full-width tatsu-row-one-col tatsu-row-has-one-cols tatsu-medium-gutter tatsu-reg-cols  tatsu-clearfix tatsu-J8KHgjl7t2\" ><style>.tatsu-J8KHgjl7t2 > .tatsu-row{margin-top: 60px;}.tatsu-J8KHgjl7t2.tatsu-row-wrap > .tatsu-row{margin-bottom: 20px;}<\/style><div  class=\"tatsu-row\" ><div  class=\"tatsu-column  tatsu-column-no-bg tatsu-one-col tatsu-column-image-none tatsu-column-effect-none  tatsu-cQitSSiAnu\"  data-parallax-speed=\"0\" style=\"\"><div class=\"tatsu-column-inner\" ><div class=\"tatsu-column-pad-wrap\"><div class=\"tatsu-column-pad\" ><div  class=\"tatsu-module tatsu-text-block-wrap tatsu-uN_KajDX51\"><div class=\"tatsu-text-inner tatsu-align-center  clearfix\" ><style>.tatsu-uN_KajDX51.tatsu-text-block-wrap .tatsu-text-inner{width: 100%;text-align: left;}.tatsu-uN_KajDX51.tatsu-text-block-wrap{margin: 0px 0px 0px 0px;}<\/style>\n<p style=\"text-align: center;\"><span class=\"special-subtitle\" style=\"font-size: 13px; width: 60%;\">FINCA DE LOS DOS CABALLEROS<\/span><\/p>\n<h3 style=\"text-align: center;\">Reservar ahora<\/h3>\n<p style=\"text-align: center;\">Introduzca las fechas deseadas para comprobar la disponibilidad. Las reservas s\u00f3lo son v\u00e1lidas despu\u00e9s de la confirmaci\u00f3n.<\/p>\n<p style=\"text-align: center;\">Esperamos darle la bienvenida a nuestro vi\u00f1edo.<\/p>\n<\/div><\/div><\/div><\/div><div class = \"tatsu-column-bg-image-wrap\"><div class = \"tatsu-column-bg-image\" ><\/div><\/div><\/div><style>.tatsu-row > .tatsu-cQitSSiAnu.tatsu-column{width: 100%;}.tatsu-cQitSSiAnu.tatsu-column > .tatsu-column-inner > .tatsu-column-overlay{mix-blend-mode: none;}.tatsu-cQitSSiAnu > .tatsu-column-inner > .tatsu-top-divider{z-index: 9999;}.tatsu-cQitSSiAnu > .tatsu-column-inner > .tatsu-bottom-divider{z-index: 9999;}.tatsu-cQitSSiAnu > .tatsu-column-inner > .tatsu-left-divider{z-index: 9999;}.tatsu-cQitSSiAnu > .tatsu-column-inner > .tatsu-right-divider{z-index: 9999;}<\/style><\/div><\/div><\/div><\/div><div class=\"tatsu-section-background-wrap\"><div class = \"tatsu-section-background\" ><\/div><\/div><style>.tatsu-1b8x6ePhxh .tatsu-section-pad{padding: 0px 0px 38px 0px;}.tatsu-1b8x6ePhxh > .tatsu-bottom-divider{z-index: 9999;}.tatsu-1b8x6ePhxh > .tatsu-top-divider{z-index: 9999;}<\/style><\/div><div  class=\"tatsu-S7xx3RtB86 tatsu-section  tatsu-bg-overlay tatsu-hide-laptop tatsu-hide-tablet tatsu-hide-desktop tatsu-hide-mobile   tatsu-clearfix\" data-title=\"\"  data-headerscheme=\"background--dark\"><div class='tatsu-section-pad clearfix' data-padding='{\"d\":\"70px 0px 50px 0px\"}' data-padding-top='70px'><div class=\"tatsu-row-wrap  tatsu-wrap tatsu-row-has-one-half tatsu-row-has-two-cols tatsu-medium-gutter tatsu-reg-cols  tatsu-clearfix tatsu-KPB40EBFe4\" ><div  class=\"tatsu-row\" ><div  class=\"tatsu-column  tatsu-bg-overlay tatsu-one-half tatsu-column-image-none tatsu-column-effect-none  tatsu-51RJy_GuR1\"  data-parallax-speed=\"0\" style=\"\"><div class=\"tatsu-column-inner\" ><div class=\"tatsu-column-pad-wrap\"><div class=\"tatsu-column-pad\" ><div  class=\"tatsu-module tatsu-text-block-wrap tatsu-KIo-wuUei7\"><div class=\"tatsu-text-inner tatsu-align-center  clearfix\" ><style>.tatsu-KIo-wuUei7.tatsu-text-block-wrap .tatsu-text-inner{width: 100%;text-align: left;}<\/style>\n<p><strong>Prices <\/strong>are shown for the entire finca per day for a 6 person occupancy. Prices include Vat.<\/p>\n<p>Precios para estancias largas, otras ocupaciones y opciones: <a href=\"\/es\/\">a petici\u00f3n del interesado<\/a><\/p>\n<p>Estancia m\u00ednima de 3 noches.<br \/>&#8211; <strong>10% descuento<\/strong> for > 7 nights<br \/>&#8211; <strong>15<\/strong><strong>% descuento<\/strong> for > 14 nights<\/p>\n<p>Cleaning Fee EUR 120,\u2014\u00a0(Discounts and the cleaning fee will be applied in the final booking confirmation)<\/p>\n<p>Minimum deposit: EUR 500,-\u00a0<\/p>\n<p>La reserva queda confirmada una vez que se haya realizado el pago del 50% del precio total mediante transferencia bancaria o paypal\/tarjeta de cr\u00e9dito.<\/p>\n<p>Cancelaciones gratuitas hasta 30 d\u00edas antes de la fecha de llegada.<\/p>\n<p>\u00a0<\/p>\n<p>(License No: ETV\/5594)<\/p>\n<\/div><\/div><div  class=\"tatsu-module tatsu-text-block-wrap tatsu-yNp1Xxj87\"><div class=\"tatsu-text-inner tatsu-align-center  clearfix\" ><style>.tatsu-yNp1Xxj87.tatsu-text-block-wrap .tatsu-text-inner{width: 100%;text-align: left;}<\/style>\n<p>[booking type=2 options='{calendar months_num_in_row=1 width=360px cell_height=45px}&#8217;]<\/p>\n<\/div><\/div><\/div><\/div><div class = \"tatsu-column-bg-image-wrap\"><div class = \"tatsu-column-bg-image\" ><\/div><\/div><div class=\"tatsu-overlay tatsu-column-overlay tatsu-animate-none\" ><\/div><\/div><style>.tatsu-row > .tatsu-51RJy_GuR1.tatsu-column{width: 50%;}.tatsu-51RJy_GuR1.tatsu-column > .tatsu-column-inner > .tatsu-column-overlay{mix-blend-mode: normal;}.tatsu-51RJy_GuR1 > .tatsu-column-inner > .tatsu-top-divider{z-index: 9999;}.tatsu-51RJy_GuR1 > .tatsu-column-inner > .tatsu-bottom-divider{z-index: 9999;}.tatsu-51RJy_GuR1 > .tatsu-column-inner > .tatsu-left-divider{z-index: 9999;}.tatsu-51RJy_GuR1 > .tatsu-column-inner > .tatsu-right-divider{z-index: 9999;}@media only screen and (max-width:1377px) {.tatsu-row > .tatsu-51RJy_GuR1.tatsu-column{width: 50%;}}@media only screen and (min-width:768px) and (max-width: 1024px) {.tatsu-row > .tatsu-51RJy_GuR1.tatsu-column{width: 50%;}}@media only screen and (max-width: 767px) {.tatsu-row > .tatsu-51RJy_GuR1.tatsu-column{width: 100%;}}<\/style><\/div><div  class=\"tatsu-column  tatsu-bg-overlay tatsu-one-half tatsu-column-image-none tatsu-column-effect-none  tatsu-AFInMacQTx\"  data-parallax-speed=\"0\" style=\"\"><div class=\"tatsu-column-inner\" ><div class=\"tatsu-column-pad-wrap\"><div class=\"tatsu-column-pad\" ><div  class=\"tatsu-single-image tatsu-module tatsu-image-lazyload tatsu-external-image tatsu-4tJKLKMeGL\" ><div class=\"tatsu-single-image-inner\" style=\"\" ><div class = \"tatsu-single-image-padding-wrap\" style = \"\" ><\/div><img class = \"tatsu-gradient-border\" data-src = \"https:\/\/losdoscaballeros.com\/wp-content\/uploads\/2020\/12\/210BB884-5B0E-479D-A284-D96FE4F079E4-scaled.jpeg\" alt =\" \"  src =\"data:image\/png;base64,iVBORw0KGgoAAAANSUhEUgAAAAEAAAABCAQAAAC1HAwCAAAAC0lEQVR42mNkYAAAAAYAAjCB0C8AAAAASUVORK5CYII=\"  \/><\/div><style>.tatsu-4tJKLKMeGL .tatsu-single-image-inner{border-style: solid;max-width: 100%;}.tatsu-4tJKLKMeGL.tatsu-single-image{transform: translate3d(0px,0px, 0);}<\/style><\/div><div  class=\"tatsu-single-image tatsu-module tatsu-image-lazyload tatsu-external-image tatsu-e15xoNcga-\" ><div class=\"tatsu-single-image-inner\" style=\"\" ><div class = \"tatsu-single-image-padding-wrap\" style = \"\" ><\/div><img class = \"tatsu-gradient-border\" data-src = \"https:\/\/losdoscaballeros.com\/wp-content\/uploads\/2020\/07\/D6F1B377-5610-46CE-97F9-94FE0211FD71-scaled.jpeg\" alt =\" \"  src =\"data:image\/png;base64,iVBORw0KGgoAAAANSUhEUgAAAAEAAAABCAQAAAC1HAwCAAAAC0lEQVR42mNkYAAAAAYAAjCB0C8AAAAASUVORK5CYII=\"  \/><\/div><style>.tatsu-e15xoNcga- .tatsu-single-image-inner{border-style: solid;max-width: 100%;}.tatsu-e15xoNcga-.tatsu-single-image{transform: translate3d(0px,0px, 0);}<\/style><\/div><\/div><\/div><div class = \"tatsu-column-bg-image-wrap\"><div class = \"tatsu-column-bg-image\" ><\/div><\/div><div class=\"tatsu-overlay tatsu-column-overlay tatsu-animate-none\" ><\/div><\/div><style>.tatsu-row > .tatsu-AFInMacQTx.tatsu-column{width: 50%;}.tatsu-AFInMacQTx.tatsu-column > .tatsu-column-inner > .tatsu-column-overlay{mix-blend-mode: normal;}.tatsu-AFInMacQTx > .tatsu-column-inner > .tatsu-top-divider{z-index: 9999;}.tatsu-AFInMacQTx > .tatsu-column-inner > .tatsu-bottom-divider{z-index: 9999;}.tatsu-AFInMacQTx > .tatsu-column-inner > .tatsu-left-divider{z-index: 9999;}.tatsu-AFInMacQTx > .tatsu-column-inner > .tatsu-right-divider{z-index: 9999;}@media only screen and (max-width:1377px) {.tatsu-row > .tatsu-AFInMacQTx.tatsu-column{width: 50%;}}@media only screen and (min-width:768px) and (max-width: 1024px) {.tatsu-row > .tatsu-AFInMacQTx.tatsu-column{width: 50%;}}@media only screen and (max-width: 767px) {.tatsu-row > .tatsu-AFInMacQTx.tatsu-column{width: 100%;}}<\/style><\/div><\/div><\/div><div class=\"tatsu-row-wrap  tatsu-wrap tatsu-row-one-col tatsu-row-has-one-cols tatsu-medium-gutter tatsu-reg-cols  tatsu-clearfix tatsu-nDhhkcDEBu\" ><div  class=\"tatsu-row\" ><div  class=\"tatsu-column  tatsu-bg-overlay tatsu-one-col tatsu-column-image-none tatsu-column-effect-none  tatsu-tvCBMR6K2x\"  data-parallax-speed=\"0\" style=\"\"><div class=\"tatsu-column-inner\" ><div class=\"tatsu-column-pad-wrap\"><div class=\"tatsu-column-pad\" ><div  class=\"tatsu-module tatsu-text-block-wrap tatsu-BkqTeiUKt\"><div class=\"tatsu-text-inner tatsu-align-center  clearfix\" ><style>.tatsu-BkqTeiUKt.tatsu-text-block-wrap .tatsu-text-inner{width: 100%;text-align: left;}<\/style><div class=\"woocommerce\"><\/div><br \/>\n<\/div><\/div><\/div><\/div><div class = \"tatsu-column-bg-image-wrap\"><div class = \"tatsu-column-bg-image\" ><\/div><\/div><div class=\"tatsu-overlay tatsu-column-overlay tatsu-animate-none\" ><\/div><\/div><style>.tatsu-row > .tatsu-tvCBMR6K2x.tatsu-column{width: 100%;}.tatsu-tvCBMR6K2x.tatsu-column > .tatsu-column-inner > .tatsu-column-overlay{mix-blend-mode: normal;}.tatsu-tvCBMR6K2x > .tatsu-column-inner > .tatsu-top-divider{z-index: 9999;}.tatsu-tvCBMR6K2x > .tatsu-column-inner > .tatsu-bottom-divider{z-index: 9999;}.tatsu-tvCBMR6K2x > .tatsu-column-inner > .tatsu-left-divider{z-index: 9999;}.tatsu-tvCBMR6K2x > .tatsu-column-inner > .tatsu-right-divider{z-index: 9999;}@media only screen and (max-width:1377px) {.tatsu-row > .tatsu-tvCBMR6K2x.tatsu-column{width: 100%;}}@media only screen and (min-width:768px) and (max-width: 1024px) {.tatsu-row > .tatsu-tvCBMR6K2x.tatsu-column{width: 100%;}}@media only screen and (max-width: 767px) {.tatsu-row > .tatsu-tvCBMR6K2x.tatsu-column{width: 100%;}}<\/style><\/div><\/div><\/div><div class=\"tatsu-row-wrap  tatsu-wrap tatsu-row-one-col tatsu-row-has-one-cols tatsu-medium-gutter tatsu-reg-cols  tatsu-clearfix tatsu-g74Pdr2Viny\" ><div  class=\"tatsu-row\" ><div  class=\"tatsu-column  tatsu-bg-overlay tatsu-column-empty tatsu-one-col tatsu-column-image-none tatsu-column-effect-none  tatsu-kXAehQj8Zf2\"  data-parallax-speed=\"0\" style=\"\"><div class=\"tatsu-column-inner\" ><div class=\"tatsu-column-pad-wrap\"><div class=\"tatsu-column-pad\" ><\/div><\/div><div class = \"tatsu-column-bg-image-wrap\"><div class = \"tatsu-column-bg-image\" ><\/div><\/div><div class=\"tatsu-overlay tatsu-column-overlay tatsu-animate-none\" ><\/div><\/div><style>.tatsu-row > .tatsu-kXAehQj8Zf2.tatsu-column{width: 100%;}.tatsu-kXAehQj8Zf2.tatsu-column > .tatsu-column-inner > .tatsu-column-overlay{mix-blend-mode: normal;}.tatsu-kXAehQj8Zf2 > .tatsu-column-inner > .tatsu-top-divider{z-index: 9999;}.tatsu-kXAehQj8Zf2 > .tatsu-column-inner > .tatsu-bottom-divider{z-index: 9999;}.tatsu-kXAehQj8Zf2 > .tatsu-column-inner > .tatsu-left-divider{z-index: 9999;}.tatsu-kXAehQj8Zf2 > .tatsu-column-inner > .tatsu-right-divider{z-index: 9999;}@media only screen and (max-width:1377px) {.tatsu-row > .tatsu-kXAehQj8Zf2.tatsu-column{width: 100%;}}@media only screen and (min-width:768px) and (max-width: 1024px) {.tatsu-row > .tatsu-kXAehQj8Zf2.tatsu-column{width: 100%;}}@media only screen and (max-width: 767px) {.tatsu-row > .tatsu-kXAehQj8Zf2.tatsu-column{width: 100%;}}<\/style><\/div><\/div><\/div><\/div><div class=\"tatsu-section-background-wrap\"><div class = \"tatsu-section-background\" ><\/div><\/div><div class=\"tatsu-overlay tatsu-section-overlay\"><\/div><style>.tatsu-S7xx3RtB86.tatsu-section{background-color: rgba(242,245,248,1);}.tatsu-S7xx3RtB86 .tatsu-section-pad{padding: 70px 0px 50px 0px;}.tatsu-S7xx3RtB86 .tatsu-section-offset-wrap{transform: translateY(-0px);}.tatsu-S7xx3RtB86 > .tatsu-bottom-divider{z-index: 9999;}.tatsu-S7xx3RtB86 > .tatsu-top-divider{z-index: 9999;}.tatsu-S7xx3RtB86 .tatsu-section-overlay{mix-blend-mode: normal;}<\/style><\/div><div  class=\"tatsu-H1EwsweAt tatsu-section  tatsu-bg-overlay   tatsu-clearfix\" data-title=\"\"  data-headerscheme=\"background--dark\"><div class='tatsu-section-pad clearfix' data-padding='{\"d\":\"70px 0px 50px 0px\"}' data-padding-top='70px'><div class=\"tatsu-row-wrap  tatsu-wrap tatsu-row-one-col tatsu-row-has-one-cols tatsu-medium-gutter tatsu-reg-cols  tatsu-clearfix tatsu-SJP4DovxAF\" ><div  class=\"tatsu-row\" ><div  class=\"tatsu-column  tatsu-bg-overlay tatsu-one-col tatsu-column-image-none tatsu-column-effect-none  tatsu-HyuVDsweCK\"  data-parallax-speed=\"0\" style=\"\"><div class=\"tatsu-column-inner\" ><div class=\"tatsu-column-pad-wrap\"><div class=\"tatsu-column-pad\" ><div  class=\"tatsu-module tatsu-text-block-wrap tatsu-Syt4wiPlAt\"><div class=\"tatsu-text-inner tatsu-align-center  clearfix\" ><style>.tatsu-Syt4wiPlAt.tatsu-text-block-wrap .tatsu-text-inner{width: 100%;text-align: left;}<\/style><div class=\"woocommerce\"><\/div><br \/>\n<\/div><\/div><\/div><\/div><div class = \"tatsu-column-bg-image-wrap\"><div class = \"tatsu-column-bg-image\" ><\/div><\/div><div class=\"tatsu-overlay tatsu-column-overlay tatsu-animate-none\" ><\/div><\/div><style>.tatsu-row > .tatsu-HyuVDsweCK.tatsu-column{width: 100%;}.tatsu-HyuVDsweCK.tatsu-column > .tatsu-column-inner > .tatsu-column-overlay{mix-blend-mode: normal;}.tatsu-HyuVDsweCK > .tatsu-column-inner > .tatsu-top-divider{z-index: 9999;}.tatsu-HyuVDsweCK > .tatsu-column-inner > .tatsu-bottom-divider{z-index: 9999;}.tatsu-HyuVDsweCK > .tatsu-column-inner > .tatsu-left-divider{z-index: 9999;}.tatsu-HyuVDsweCK > .tatsu-column-inner > .tatsu-right-divider{z-index: 9999;}@media only screen and (max-width:1377px) {.tatsu-row > .tatsu-HyuVDsweCK.tatsu-column{width: 100%;}}@media only screen and (min-width:768px) and (max-width: 1024px) {.tatsu-row > .tatsu-HyuVDsweCK.tatsu-column{width: 100%;}}@media only screen and (max-width: 767px) {.tatsu-row > .tatsu-HyuVDsweCK.tatsu-column{width: 100%;}}<\/style><\/div><\/div><\/div><\/div><div class=\"tatsu-section-background-wrap\"><div class = \"tatsu-section-background\" ><\/div><\/div><div class=\"tatsu-overlay tatsu-section-overlay\"><\/div><style>.tatsu-H1EwsweAt.tatsu-section{background-color: rgba(242,245,248,1);}.tatsu-H1EwsweAt .tatsu-section-pad{padding: 70px 0px 50px 0px;}.tatsu-H1EwsweAt .tatsu-section-offset-wrap{transform: translateY(-0px);}.tatsu-H1EwsweAt > .tatsu-bottom-divider{z-index: 9999;}.tatsu-H1EwsweAt > .tatsu-top-divider{z-index: 9999;}.tatsu-H1EwsweAt .tatsu-section-overlay{mix-blend-mode: normal;}<\/style><\/div><div  class=\"tatsu-irEmx-ZefSe tatsu-section    tatsu-clearfix\" data-title=\"\"  data-headerscheme=\"background--dark\"><div class='tatsu-section-pad clearfix' data-padding='{\"d\":\"20px 0px 20px 0px\"}' data-padding-top='20px'><div class=\"tatsu-row-wrap  tatsu-row-full-width tatsu-row-one-col tatsu-row-has-one-cols tatsu-medium-gutter tatsu-reg-cols  tatsu-clearfix tatsu-02nQZoMKrQU\" ><div  class=\"tatsu-row\" ><div  class=\"tatsu-column  tatsu-column-no-bg tatsu-one-col tatsu-column-image-none tatsu-column-effect-none  tatsu-M0K6QuxVJwd\"  data-parallax-speed=\"0\" style=\"\"><div class=\"tatsu-column-inner\" ><div class=\"tatsu-column-pad-wrap\"><div class=\"tatsu-column-pad\" ><div  class=\"tatsu-module tatsu-call-to-action tatsu-clearfix  tatsu-S9CURwtXqGN\" ><div class=\"tatsu-cta-inner\"><h4 class=\"tatsu-action-content\" >Nuestros alojamientos<\/h4><a class=\"mediumbtn tatsu-button rounded tatsu-action-button\" href=\"https:\/\/losdoscaballeros.com\/es\/accommodation\/\" data-gdpr-atts=\"{}\" ><span>ECHAR UN VISTAZO<\/span><\/a><style>.tatsu-S9CURwtXqGN .tatsu-action-content{color: rgba(68,87,119,1) ;}.tatsu-S9CURwtXqGN .tatsu-action-button{background: rgba(68,87,119,1);border-color: #ffffff; }.tatsu-S9CURwtXqGN .tatsu-action-button:hover{background: #ffffff;border-color: #ffffff; }.tatsu-S9CURwtXqGN .tatsu-action-button span{color: #ffffff ;}.tatsu-S9CURwtXqGN .tatsu-action-button:hover span{color: rgba(68,87,119,1) ;}<\/style><\/div><\/div><\/div><\/div><div class = \"tatsu-column-bg-image-wrap\"><div class = \"tatsu-column-bg-image\" ><\/div><\/div><\/div><style>.tatsu-row > .tatsu-M0K6QuxVJwd.tatsu-column{width: 100%;}.tatsu-M0K6QuxVJwd.tatsu-column > .tatsu-column-inner > .tatsu-column-overlay{mix-blend-mode: none;}.tatsu-M0K6QuxVJwd > .tatsu-column-inner > .tatsu-top-divider{z-index: 9999;}.tatsu-M0K6QuxVJwd > .tatsu-column-inner > .tatsu-bottom-divider{z-index: 9999;}.tatsu-M0K6QuxVJwd > .tatsu-column-inner > .tatsu-left-divider{z-index: 9999;}.tatsu-M0K6QuxVJwd > .tatsu-column-inner > .tatsu-right-divider{z-index: 9999;}<\/style><\/div><\/div><\/div><\/div><div class=\"tatsu-section-background-wrap\"><div class = \"tatsu-section-background\" ><\/div><\/div><style>.tatsu-irEmx-ZefSe .tatsu-section-background{background-image: url(https:\/\/losdoscaballeros.com\/wp-content\/uploads\/2020\/03\/accommodation-pattern-los-dos-caballeros.png);background-repeat: no-repeat;background-attachment: scroll;background-position: top left;background-size: cover;}.tatsu-irEmx-ZefSe .tatsu-bg-blur{background-repeat: no-repeat;background-attachment: scroll;background-position: top left;background-size: cover;}.tatsu-irEmx-ZefSe .tatsu-section-pad{padding: 20px 0px 20px 0px;}.tatsu-irEmx-ZefSe > .tatsu-bottom-divider{z-index: 9999;}.tatsu-irEmx-ZefSe > .tatsu-top-divider{z-index: 9999;}<\/style><\/div>","protected":false},"excerpt":{"rendered":"<p>              Entire Finca           Entire Finca           <\/p>\n<p><a href=\"https:\/\/losdoscaballeros.com\/es\/book-now\/\" class=\"more-link style3-button\">Read More<\/a><\/p>","protected":false},"author":1,"featured_media":0,"parent":0,"menu_order":0,"comment_status":"closed","ping_status":"closed","template":"","meta":{"_monsterinsights_skip_tracking":false,"_monsterinsights_sitenote_active":false,"_monsterinsights_sitenote_note":"","_monsterinsights_sitenote_category":0,"footnotes":""},"yoast_head":"<!-- This site is optimized with the Yoast SEO plugin v22.3 - https:\/\/yoast.com\/wordpress\/plugins\/seo\/ -->\n<title>Book now - Los Dos Caballeros<\/title>\n<meta name=\"description\" content=\"Entire Finca      Entire Finca\" \/>\n<meta name=\"robots\" content=\"index, follow, max-snippet:-1, max-image-preview:large, max-video-preview:-1\" \/>\n<link rel=\"canonical\" href=\"https:\/\/losdoscaballeros.com\/es\/book-now\/\" \/>\n<meta property=\"og:locale\" content=\"es_ES\" \/>\n<meta property=\"og:type\" content=\"article\" \/>\n<meta property=\"og:title\" content=\"Book now - Los Dos Caballeros\" \/>\n<meta property=\"og:description\" content=\"Entire Finca      Entire Finca\" \/>\n<meta property=\"og:url\" content=\"https:\/\/losdoscaballeros.com\/es\/book-now\/\" \/>\n<meta property=\"og:site_name\" content=\"Los Dos Caballeros\" \/>\n<meta property=\"article:modified_time\" content=\"2022-03-01T14:22:43+00:00\" \/>\n<meta name=\"twitter:card\" content=\"summary_large_image\" \/>\n<script type=\"application\/ld+json\" class=\"yoast-schema-graph\">{\"@context\":\"https:\/\/schema.org\",\"@graph\":[{\"@type\":\"WebPage\",\"@id\":\"https:\/\/losdoscaballeros.com\/book-now\/\",\"url\":\"https:\/\/losdoscaballeros.com\/book-now\/\",\"name\":\"Book now - Los Dos Caballeros\",\"isPartOf\":{\"@id\":\"https:\/\/losdoscaballeros.com\/#website\"},\"datePublished\":\"2020-08-18T08:51:30+00:00\",\"dateModified\":\"2022-03-01T14:22:43+00:00\",\"description\":\"Entire Finca Entire Finca\",\"breadcrumb\":{\"@id\":\"https:\/\/losdoscaballeros.com\/book-now\/#breadcrumb\"},\"inLanguage\":\"es\",\"potentialAction\":[{\"@type\":\"ReadAction\",\"target\":[\"https:\/\/losdoscaballeros.com\/book-now\/\"]}]},{\"@type\":\"BreadcrumbList\",\"@id\":\"https:\/\/losdoscaballeros.com\/book-now\/#breadcrumb\",\"itemListElement\":[{\"@type\":\"ListItem\",\"position\":1,\"name\":\"Home\",\"item\":\"https:\/\/losdoscaballeros.com\/\"},{\"@type\":\"ListItem\",\"position\":2,\"name\":\"Book now\"}]},{\"@type\":\"WebSite\",\"@id\":\"https:\/\/losdoscaballeros.com\/#website\",\"url\":\"https:\/\/losdoscaballeros.com\/\",\"name\":\"Los Dos Caballeros\",\"description\":\"Winery\",\"potentialAction\":[{\"@type\":\"SearchAction\",\"target\":{\"@type\":\"EntryPoint\",\"urlTemplate\":\"https:\/\/losdoscaballeros.com\/?s={search_term_string}\"},\"query-input\":\"required name=search_term_string\"}],\"inLanguage\":\"es\"}]}<\/script>\n<!-- \/ Yoast SEO plugin. -->","yoast_head_json":{"title":"Book now - Los Dos Caballeros","description":"Entire Finca      Entire Finca","robots":{"index":"index","follow":"follow","max-snippet":"max-snippet:-1","max-image-preview":"max-image-preview:large","max-video-preview":"max-video-preview:-1"},"canonical":"https:\/\/losdoscaballeros.com\/es\/book-now\/","og_locale":"es_ES","og_type":"article","og_title":"Book now - Los Dos Caballeros","og_description":"Entire Finca      Entire Finca","og_url":"https:\/\/losdoscaballeros.com\/es\/book-now\/","og_site_name":"Los Dos Caballeros","article_modified_time":"2022-03-01T14:22:43+00:00","twitter_card":"summary_large_image","schema":{"@context":"https:\/\/schema.org","@graph":[{"@type":"WebPage","@id":"https:\/\/losdoscaballeros.com\/book-now\/","url":"https:\/\/losdoscaballeros.com\/book-now\/","name":"Book now - Los Dos Caballeros","isPartOf":{"@id":"https:\/\/losdoscaballeros.com\/#website"},"datePublished":"2020-08-18T08:51:30+00:00","dateModified":"2022-03-01T14:22:43+00:00","description":"Entire Finca Entire Finca","breadcrumb":{"@id":"https:\/\/losdoscaballeros.com\/book-now\/#breadcrumb"},"inLanguage":"es","potentialAction":[{"@type":"ReadAction","target":["https:\/\/losdoscaballeros.com\/book-now\/"]}]},{"@type":"BreadcrumbList","@id":"https:\/\/losdoscaballeros.com\/book-now\/#breadcrumb","itemListElement":[{"@type":"ListItem","position":1,"name":"Home","item":"https:\/\/losdoscaballeros.com\/"},{"@type":"ListItem","position":2,"name":"Book now"}]},{"@type":"WebSite","@id":"https:\/\/losdoscaballeros.com\/#website","url":"https:\/\/losdoscaballeros.com\/","name":"Los Dos Caballeros","description":"Winery","potentialAction":[{"@type":"SearchAction","target":{"@type":"EntryPoint","urlTemplate":"https:\/\/losdoscaballeros.com\/?s={search_term_string}"},"query-input":"required name=search_term_string"}],"inLanguage":"es"}]}},"_links":{"self":[{"href":"https:\/\/losdoscaballeros.com\/es\/wp-json\/wp\/v2\/pages\/4016"}],"collection":[{"href":"https:\/\/losdoscaballeros.com\/es\/wp-json\/wp\/v2\/pages"}],"about":[{"href":"https:\/\/losdoscaballeros.com\/es\/wp-json\/wp\/v2\/types\/page"}],"author":[{"embeddable":true,"href":"https:\/\/losdoscaballeros.com\/es\/wp-json\/wp\/v2\/users\/1"}],"replies":[{"embeddable":true,"href":"https:\/\/losdoscaballeros.com\/es\/wp-json\/wp\/v2\/comments?post=4016"}],"version-history":[{"count":58,"href":"https:\/\/losdoscaballeros.com\/es\/wp-json\/wp\/v2\/pages\/4016\/revisions"}],"predecessor-version":[{"id":5150,"href":"https:\/\/losdoscaballeros.com\/es\/wp-json\/wp\/v2\/pages\/4016\/revisions\/5150"}],"wp:attachment":[{"href":"https:\/\/losdoscaballeros.com\/es\/wp-json\/wp\/v2\/media?parent=4016"}],"curies":[{"name":"wp","href":"https:\/\/api.w.org\/{rel}","templated":true}]}}