{"id":3503,"date":"2020-03-25T08:52:14","date_gmt":"2020-03-25T08:52:14","guid":{"rendered":"https:\/\/losdoscaballeros.com\/?page_id=3503"},"modified":"2024-06-13T15:01:25","modified_gmt":"2024-06-13T15:01:25","slug":"bodega","status":"publish","type":"page","link":"https:\/\/losdoscaballeros.com\/de\/bodega\/","title":{"rendered":"Bodega"},"content":{"rendered":"<div  class=\"tatsu-eUK1yx7OZ tatsu-section  tatsu-parallax tatsu-section-custom-height tatsu-bg-overlay   tatsu-clearfix\" data-title=\"\"  data-headerscheme=\"background--dark\"><div class = \"tatsu-custom-height-wrap\"><div class='tatsu-section-pad clearfix' data-padding='{\"d\":\"200px 0% 400px 0%\"}' data-padding-top='200px'><\/div><div class=\"tatsu-section-background-wrap tatsu-parallax-element-wrap\"><div class = \"tatsu-section-background tatsu-parallax-element\" ><\/div><\/div><div class=\"tatsu-overlay tatsu-section-overlay\"><\/div><\/div><style>.tatsu-eUK1yx7OZ.tatsu-section{background-color: rgba(29,29,29,1);}.tatsu-eUK1yx7OZ .tatsu-section-background{background-image: url(https:\/\/losdoscaballeros.com\/wp-content\/uploads\/2023\/09\/image6-1.jpeg);background-repeat: no-repeat;background-attachment: scroll;background-position: bottom center;background-size: cover;}.tatsu-eUK1yx7OZ .tatsu-bg-blur{background-repeat: no-repeat;background-attachment: scroll;background-position: bottom center;background-size: cover;}.tatsu-eUK1yx7OZ{border-width: 0px 0px px 0px;border-style: solid;}.tatsu-eUK1yx7OZ .tatsu-section-pad{padding: 200px 0% 400px 0%;}.tatsu-eUK1yx7OZ > .tatsu-bottom-divider{z-index: 9999;}.tatsu-eUK1yx7OZ > .tatsu-top-divider{z-index: 9999;}.tatsu-eUK1yx7OZ .tatsu-section-overlay{background: rgba(0,0,0,0.1);mix-blend-mode: normal;}.tatsu-eUK1yx7OZ .tatsu-custom-height-wrap{align-items: center;min-height: 0vh;}@media only screen and (max-width:1377px) {.tatsu-eUK1yx7OZ .tatsu-section-background{background-position: bottom center;}.tatsu-eUK1yx7OZ .tatsu-bg-blur{background-position: bottom center;}}<\/style><\/div><div  class=\"tatsu-GI622hHuhT tatsu-section    tatsu-clearfix\" data-title=\"\"  data-headerscheme=\"background--dark\"><div class='tatsu-section-pad clearfix' data-padding='{\"d\":\"0px 25px 38px 25px\"}' data-padding-top='0px'><div class=\"tatsu-row-wrap  tatsu-row-full-width tatsu-row-one-col tatsu-row-has-one-cols tatsu-medium-gutter tatsu-reg-cols  tatsu-clearfix tatsu-Y2s8bPlS5a\" ><style>.tatsu-Y2s8bPlS5a > .tatsu-row{margin-top: 60px;}.tatsu-Y2s8bPlS5a.tatsu-row-wrap > .tatsu-row{margin-bottom: 20px;}<\/style><div  class=\"tatsu-row\" ><div  class=\"tatsu-column  tatsu-column-no-bg tatsu-one-col tatsu-column-image-none tatsu-column-effect-none  tatsu-Bh9nIjxbn5\"  data-parallax-speed=\"0\" style=\"\"><div class=\"tatsu-column-inner\" ><div class=\"tatsu-column-pad-wrap\"><div class=\"tatsu-column-pad\" ><div  class=\"tatsu-module tatsu-text-block-wrap tatsu-qep7jn-56j\"><div class=\"tatsu-text-inner tatsu-align-center  clearfix\" ><style>.tatsu-qep7jn-56j.tatsu-text-block-wrap .tatsu-text-inner{width: 100%;text-align: left;}.tatsu-qep7jn-56j.tatsu-text-block-wrap{margin: 0px 0px 0px 0px;}<\/style>\n<p style=\"text-align: center;\"><span class=\"special-subtitle\" style=\"font-size: 13px; width: 60%;\">FINCA DE LOS DOS CABALLEROS<\/span><\/p>\n<h2 style=\"text-align: center;\">The New Bodega<\/h2>\n<\/div><\/div><\/div><\/div><div class = \"tatsu-column-bg-image-wrap\"><div class = \"tatsu-column-bg-image\" ><\/div><\/div><\/div><style>.tatsu-row > .tatsu-Bh9nIjxbn5.tatsu-column{width: 100%;}.tatsu-Bh9nIjxbn5.tatsu-column > .tatsu-column-inner > .tatsu-column-overlay{mix-blend-mode: none;}.tatsu-Bh9nIjxbn5 > .tatsu-column-inner > .tatsu-top-divider{z-index: 9999;}.tatsu-Bh9nIjxbn5 > .tatsu-column-inner > .tatsu-bottom-divider{z-index: 9999;}.tatsu-Bh9nIjxbn5 > .tatsu-column-inner > .tatsu-left-divider{z-index: 9999;}.tatsu-Bh9nIjxbn5 > .tatsu-column-inner > .tatsu-right-divider{z-index: 9999;}<\/style><\/div><\/div><\/div><\/div><div class=\"tatsu-section-background-wrap\"><div class = \"tatsu-section-background\" ><\/div><\/div><style>.tatsu-GI622hHuhT.tatsu-section{background-color: rgba(242,242,242,1);}.tatsu-GI622hHuhT .tatsu-section-pad{padding: 0px 25px 38px 25px;}.tatsu-GI622hHuhT > .tatsu-bottom-divider{z-index: 9999;}.tatsu-GI622hHuhT > .tatsu-top-divider{z-index: 9999;}<\/style><\/div><div  class=\"tatsu-Qx-KfdmpG1 tatsu-section    tatsu-clearfix\" data-title=\"\"  data-headerscheme=\"background--dark\"><div class='tatsu-section-pad clearfix' data-padding='{\"d\":\"90px 0px 90px 0px\"}' data-padding-top='90px'><div class=\"tatsu-row-wrap  tatsu-wrap tatsu-row-has-one-half tatsu-row-has-two-cols tatsu-medium-gutter tatsu-reg-cols  tatsu-clearfix tatsu-dQ264Biwe0\" ><div  class=\"tatsu-row\" ><div  class=\"tatsu-column  tatsu-column-no-bg tatsu-one-half tatsu-column-image-none tatsu-column-effect-none  tatsu-CMtItv2F6r\"  data-parallax-speed=\"0\" style=\"\"><div class=\"tatsu-column-inner\" ><div class=\"tatsu-column-pad-wrap\"><div class=\"tatsu-column-pad\" ><div  class=\"tatsu-module tatsu-inline-text clearfix tatsu-Syyn2Tq_Rs\" ><style>.tatsu-Syyn2Tq_Rs .tatsu-inline-text-inner{width: 100%;text-align: left;}.tatsu-Syyn2Tq_Rs.tatsu-inline-text{margin: 0px 0px 40px 0px;}<\/style><div class=\"tatsu-inline-text-inner tatsu-align-center\">\n<h5 style=\"background-color: #ffffff; text-align: left;\"><span class=\"palette-4\">Die Bodega<\/span><\/h5>\n<div class=\"page\" title=\"Auf dem Weingut Los Dos Caballeros k\u00fcmmern wir uns um die Umwelt und versuchen, wo immer m\u00f6glich, nachhaltig zu wirtschaften. Wir haben ein hochmodernes Solarenergiesystem installiert, das die gesamte Finca und die Bodega mit Strom versorgt.  Durch die Nutzung erneuerbarer Energien sind wir fast vollst\u00e4ndig autark. Wir setzen umweltfreundliche Anbaumethoden ein und verwenden keine sch\u00e4dlichen Chemikalien oder Pestizide. Wir setzen auf Nachhaltigkeit bis hin zu unseren &quot;km 0&quot;- produzierten Weinen. Wir verwenden zudem Flaschen aus recyceltem Glas und Etiketten aus recyceltem Papier.\">\n<div class=\"layoutArea\">\n<div class=\"column\">\n<p>Die Bodega ist unser neues Geb\u00e4ude, in dem wir unsere Weine bei \u201ekm 0\u201c produzieren und verkaufen. Unser neuer Verkostungsraum umfasst einen kleinen Laden und wurde f\u00fcr unsere G\u00e4ste konzipiert.  Wir bieten Verkostungen und ma\u00dfgeschneiderte private Veranstaltungen mit einer Voranmeldung f\u00fcr bis zu 30 Personen an.  Wir k\u00f6nnen auch kleinere private Verkostungen f\u00fcr bis zu 8 Personen in unserem zweiten Verkostungsraum im historischen Teil unserer Finca durchf\u00fchren. Bitte kontaktieren Sie uns f\u00fcr weitere Informationen.\n\n\u00dcbersetzt mit DeepL.com (kostenlose Version)<\/p>\n<\/div>\n<\/div>\n<\/div>\n<\/div><\/div><div  class=\"tatsu-single-image tatsu-module tatsu-4pKsd0rtiw\" ><div class=\"tatsu-single-image-inner\" style=\"width : 1280px;\" ><div class = \"tatsu-single-image-padding-wrap\" style = \"padding-bottom : 75%;\" ><\/div><img class = \"tatsu-gradient-border\" alt = \"\" title = \"IMG_5047\" src = \"https:\/\/losdoscaballeros.com\/wp-content\/uploads\/2024\/01\/IMG_5047-1.jpeg\" \/><\/div><style>.tatsu-4pKsd0rtiw .tatsu-single-image-inner{border-style: solid;max-width: 100%;}.tatsu-4pKsd0rtiw.tatsu-single-image{transform: translate3d(0px,0px, 0);}<\/style><\/div><div  class=\"tatsu-single-image tatsu-module tatsu-HkM0bKOsXF\" ><div class=\"tatsu-single-image-inner\" style=\"width : 2560px;\" ><div class = \"tatsu-single-image-padding-wrap\" style = \"padding-bottom : 75%;\" ><\/div><img class = \"tatsu-gradient-border\" alt = \"\" title = \"IMG_4982\" src = \"https:\/\/losdoscaballeros.com\/wp-content\/uploads\/2024\/01\/IMG_4982-scaled.jpeg\" \/><\/div><style>.tatsu-HkM0bKOsXF .tatsu-single-image-inner{border-style: solid;max-width: 100%;}.tatsu-HkM0bKOsXF.tatsu-single-image{transform: translate3d(0px,0px, 0);}<\/style><\/div><div  class=\"tatsu-single-image tatsu-module tatsu-SyH3FtOHC\" ><div class=\"tatsu-single-image-inner\" style=\"width : 1920px;\" ><div class = \"tatsu-single-image-padding-wrap\" style = \"padding-bottom : 133.33333333333%;\" ><\/div><img class = \"tatsu-gradient-border\" alt = \"\" title = \"IMG_6128\" src = \"https:\/\/losdoscaballeros.com\/wp-content\/uploads\/2024\/06\/IMG_6128-scaled.jpeg\" \/><\/div><style>.tatsu-SyH3FtOHC .tatsu-single-image-inner{border-style: solid;max-width: 100%;}.tatsu-SyH3FtOHC.tatsu-single-image{transform: translate3d(0px,0px, 0);}<\/style><\/div><div  class=\"tatsu-single-image tatsu-module tatsu-external-image tatsu-Hyw7LTMt6\" ><div class=\"tatsu-single-image-inner\" style=\"\" ><div class = \"tatsu-single-image-padding-wrap\" style = \"\" ><\/div><img class = \"tatsu-gradient-border\" src = \"\" alt =\" \"  \/><\/div><style>.tatsu-Hyw7LTMt6 .tatsu-single-image-inner{border-style: solid;max-width: 100%;}.tatsu-Hyw7LTMt6.tatsu-single-image{transform: translate3d(0px,0px, 0);}<\/style><\/div><\/div><\/div><div class = \"tatsu-column-bg-image-wrap\"><div class = \"tatsu-column-bg-image\" ><\/div><\/div><\/div><style>.tatsu-row > .tatsu-CMtItv2F6r.tatsu-column{width: 50%;}.tatsu-CMtItv2F6r.tatsu-column > .tatsu-column-inner > .tatsu-column-overlay{mix-blend-mode: none;}.tatsu-CMtItv2F6r > .tatsu-column-inner > .tatsu-top-divider{z-index: 9999;}.tatsu-CMtItv2F6r > .tatsu-column-inner > .tatsu-bottom-divider{z-index: 9999;}.tatsu-CMtItv2F6r > .tatsu-column-inner > .tatsu-left-divider{z-index: 9999;}.tatsu-CMtItv2F6r > .tatsu-column-inner > .tatsu-right-divider{z-index: 9999;}@media only screen and (max-width: 767px) {.tatsu-row > .tatsu-CMtItv2F6r.tatsu-column{width: 100%;}}<\/style><\/div><div  class=\"tatsu-column  tatsu-column-no-bg tatsu-one-half tatsu-column-image-none tatsu-column-effect-none  tatsu-cI3DDf3XHF\"  data-parallax-speed=\"0\" style=\"\"><div class=\"tatsu-column-inner\" ><div class=\"tatsu-column-pad-wrap\"><div class=\"tatsu-column-pad\" ><div  class=\"tatsu-single-image tatsu-module tatsu-sdGZjyScIy\" ><div class=\"tatsu-single-image-inner\" style=\"width : 1280px;\" ><div class = \"tatsu-single-image-padding-wrap\" style = \"padding-bottom : 75%;\" ><\/div><img class = \"tatsu-gradient-border\" alt = \"\" title = \"IMG_4786\" src = \"https:\/\/losdoscaballeros.com\/wp-content\/uploads\/2023\/09\/IMG_4786.jpg\" \/><\/div><style>.tatsu-sdGZjyScIy .tatsu-single-image-inner{border-style: solid;max-width: 100%;}.tatsu-sdGZjyScIy.tatsu-single-image{transform: translate3d(0px,0px, 0);}<\/style><\/div><div  class=\"tatsu-single-image tatsu-module tatsu-rJ0fYdjQF\" ><div class=\"tatsu-single-image-inner\" style=\"width : 960px;\" ><div class = \"tatsu-single-image-padding-wrap\" style = \"padding-bottom : 133.33333333333%;\" ><\/div><img class = \"tatsu-gradient-border\" alt = \"\" title = \"IMG_5637\" src = \"https:\/\/losdoscaballeros.com\/wp-content\/uploads\/2024\/01\/IMG_5637.jpeg\" \/><\/div><style>.tatsu-rJ0fYdjQF .tatsu-single-image-inner{border-style: solid;max-width: 100%;}.tatsu-rJ0fYdjQF.tatsu-single-image{transform: translate3d(0px,0px, 0);}<\/style><\/div><div  class=\"tatsu-single-image tatsu-module tatsu-ryPV6az_a\" ><div class=\"tatsu-single-image-inner\" style=\"width : 960px;\" ><div class = \"tatsu-single-image-padding-wrap\" style = \"padding-bottom : 133.33333333333%;\" ><\/div><img class = \"tatsu-gradient-border\" alt = \"\" title = \"IMG_4485\" src = \"https:\/\/losdoscaballeros.com\/wp-content\/uploads\/2023\/09\/IMG_4485.jpg\" \/><\/div><style>.tatsu-ryPV6az_a .tatsu-single-image-inner{border-style: solid;max-width: 100%;}.tatsu-ryPV6az_a.tatsu-single-image{transform: translate3d(0px,0px, 0);}<\/style><\/div><\/div><\/div><div class = \"tatsu-column-bg-image-wrap\"><div class = \"tatsu-column-bg-image\" ><\/div><\/div><\/div><style>.tatsu-row > .tatsu-cI3DDf3XHF.tatsu-column{width: 50%;}.tatsu-cI3DDf3XHF.tatsu-column > .tatsu-column-inner > .tatsu-column-overlay{mix-blend-mode: none;}.tatsu-cI3DDf3XHF > .tatsu-column-inner > .tatsu-top-divider{z-index: 9999;}.tatsu-cI3DDf3XHF > .tatsu-column-inner > .tatsu-bottom-divider{z-index: 9999;}.tatsu-cI3DDf3XHF > .tatsu-column-inner > .tatsu-left-divider{z-index: 9999;}.tatsu-cI3DDf3XHF > .tatsu-column-inner > .tatsu-right-divider{z-index: 9999;}@media only screen and (max-width: 767px) {.tatsu-row > .tatsu-cI3DDf3XHF.tatsu-column{width: 100%;}}<\/style><\/div><\/div><\/div><\/div><div class=\"tatsu-section-background-wrap\"><div class = \"tatsu-section-background\" ><\/div><\/div><style>.tatsu-Qx-KfdmpG1 .tatsu-section-pad{padding: 90px 0px 90px 0px;}.tatsu-Qx-KfdmpG1 > .tatsu-bottom-divider{z-index: 9999;}.tatsu-Qx-KfdmpG1 > .tatsu-top-divider{z-index: 9999;}<\/style><\/div><div  class=\"tatsu-0Bz1xUqlIQh tatsu-section    tatsu-clearfix\" data-title=\"\"  data-headerscheme=\"background--dark\"><div class='tatsu-section-pad clearfix' data-padding='{\"d\":\"40px 0px 40px 0px \"}' data-padding-top='40px'><div class=\"tatsu-row-wrap  tatsu-wrap tatsu-row-one-col tatsu-row-has-one-cols tatsu-medium-gutter tatsu-reg-cols  tatsu-clearfix tatsu-D89rGyXR5_A\" ><div  class=\"tatsu-row\" ><div  class=\"tatsu-column  tatsu-column-no-bg tatsu-one-col tatsu-column-image-none tatsu-column-effect-none  tatsu-Tt5eW6-lf-t\"  data-parallax-speed=\"0\" style=\"\"><div class=\"tatsu-column-inner\" ><div class=\"tatsu-column-pad-wrap\"><div class=\"tatsu-column-pad\" ><div  class=\"tatsu-module tatsu-call-to-action tatsu-clearfix  tatsu-AslNYFO1xAf\" ><div class=\"tatsu-cta-inner\"><h5 class=\"tatsu-action-content\" >Buchen Sie die Bodega<\/h5><a class=\"mediumbtn tatsu-button rounded tatsu-action-button\" href=\"https:\/\/losdoscaballeros.com\/de\/contact\/\" data-gdpr-atts=\"{}\" ><span>ANFRAGE<\/span><\/a><style>.tatsu-AslNYFO1xAf .tatsu-action-content{color: rgba(255,255,255,1) ;}.tatsu-AslNYFO1xAf .tatsu-action-button{background: rgba(86,118,109,1);border-width: 1px;border-color: transparent; }.tatsu-AslNYFO1xAf .tatsu-action-button:hover{background: #ffffff;}.tatsu-AslNYFO1xAf .tatsu-action-button span{color: #ffffff ;}.tatsu-AslNYFO1xAf .tatsu-action-button:hover span{color: rgba(86,118,109,1) ;}<\/style><\/div><\/div><\/div><\/div><div class = \"tatsu-column-bg-image-wrap\"><div class = \"tatsu-column-bg-image\" ><\/div><\/div><\/div><style>.tatsu-row > .tatsu-Tt5eW6-lf-t.tatsu-column{width: 100%;}.tatsu-Tt5eW6-lf-t.tatsu-column > .tatsu-column-inner > .tatsu-column-overlay{mix-blend-mode: none;}.tatsu-Tt5eW6-lf-t > .tatsu-column-inner > .tatsu-top-divider{z-index: 9999;}.tatsu-Tt5eW6-lf-t > .tatsu-column-inner > .tatsu-bottom-divider{z-index: 9999;}.tatsu-Tt5eW6-lf-t > .tatsu-column-inner > .tatsu-left-divider{z-index: 9999;}.tatsu-Tt5eW6-lf-t > .tatsu-column-inner > .tatsu-right-divider{z-index: 9999;}<\/style><\/div><\/div><\/div><\/div><div class=\"tatsu-section-background-wrap\"><div class = \"tatsu-section-background\" ><\/div><\/div><style>.tatsu-0Bz1xUqlIQh.tatsu-section{background-color: rgba(255,251,245,1);}.tatsu-0Bz1xUqlIQh .tatsu-section-background{background-image: url(https:\/\/losdoscaballeros.com\/wp-content\/uploads\/2020\/03\/vineyard-pattern-los-dos-caballeros.png);background-repeat: no-repeat;background-attachment: scroll;background-position: top left;background-size: cover;}.tatsu-0Bz1xUqlIQh .tatsu-bg-blur{background-repeat: no-repeat;background-attachment: scroll;background-position: top left;background-size: cover;}.tatsu-0Bz1xUqlIQh .tatsu-section-pad{padding: 40px 0px 40px 0px ;}.tatsu-0Bz1xUqlIQh > .tatsu-bottom-divider{z-index: 9999;}.tatsu-0Bz1xUqlIQh > .tatsu-top-divider{z-index: 9999;}<\/style><\/div>","protected":false},"excerpt":{"rendered":"<p><a href=\"https:\/\/losdoscaballeros.com\/de\/bodega\/\" class=\"more-link style3-button\">Weiterlesen<\/a><\/p>","protected":false},"author":1,"featured_media":0,"parent":0,"menu_order":0,"comment_status":"closed","ping_status":"closed","template":"","meta":{"_monsterinsights_skip_tracking":false,"_monsterinsights_sitenote_active":false,"_monsterinsights_sitenote_note":"","_monsterinsights_sitenote_category":0,"footnotes":""},"yoast_head":"<!-- This site is optimized with the Yoast SEO plugin v22.3 - https:\/\/yoast.com\/wordpress\/plugins\/seo\/ -->\n<title>Bodega - Los Dos Caballeros<\/title>\n<meta name=\"robots\" content=\"index, follow, max-snippet:-1, max-image-preview:large, max-video-preview:-1\" \/>\n<link rel=\"canonical\" href=\"https:\/\/losdoscaballeros.com\/de\/bodega\/\" \/>\n<meta property=\"og:locale\" content=\"de_DE\" \/>\n<meta property=\"og:type\" content=\"article\" \/>\n<meta property=\"og:title\" content=\"Bodega - Los Dos Caballeros\" \/>\n<meta property=\"og:url\" content=\"https:\/\/losdoscaballeros.com\/de\/bodega\/\" \/>\n<meta property=\"og:site_name\" content=\"Los Dos Caballeros\" \/>\n<meta property=\"article:modified_time\" content=\"2024-06-13T15:01:25+00:00\" \/>\n<meta name=\"twitter:card\" content=\"summary_large_image\" \/>\n<script type=\"application\/ld+json\" class=\"yoast-schema-graph\">{\"@context\":\"https:\/\/schema.org\",\"@graph\":[{\"@type\":\"WebPage\",\"@id\":\"https:\/\/losdoscaballeros.com\/bodega\/\",\"url\":\"https:\/\/losdoscaballeros.com\/bodega\/\",\"name\":\"Bodega - Los Dos Caballeros\",\"isPartOf\":{\"@id\":\"https:\/\/losdoscaballeros.com\/#website\"},\"datePublished\":\"2020-03-25T08:52:14+00:00\",\"dateModified\":\"2024-06-13T15:01:25+00:00\",\"breadcrumb\":{\"@id\":\"https:\/\/losdoscaballeros.com\/bodega\/#breadcrumb\"},\"inLanguage\":\"de\",\"potentialAction\":[{\"@type\":\"ReadAction\",\"target\":[\"https:\/\/losdoscaballeros.com\/bodega\/\"]}]},{\"@type\":\"BreadcrumbList\",\"@id\":\"https:\/\/losdoscaballeros.com\/bodega\/#breadcrumb\",\"itemListElement\":[{\"@type\":\"ListItem\",\"position\":1,\"name\":\"Home\",\"item\":\"https:\/\/losdoscaballeros.com\/\"},{\"@type\":\"ListItem\",\"position\":2,\"name\":\"Bodega\"}]},{\"@type\":\"WebSite\",\"@id\":\"https:\/\/losdoscaballeros.com\/#website\",\"url\":\"https:\/\/losdoscaballeros.com\/\",\"name\":\"Los Dos Caballeros\",\"description\":\"Winery\",\"potentialAction\":[{\"@type\":\"SearchAction\",\"target\":{\"@type\":\"EntryPoint\",\"urlTemplate\":\"https:\/\/losdoscaballeros.com\/?s={search_term_string}\"},\"query-input\":\"required name=search_term_string\"}],\"inLanguage\":\"de\"}]}<\/script>\n<!-- \/ Yoast SEO plugin. -->","yoast_head_json":{"title":"Bodega - Los Dos Caballeros","robots":{"index":"index","follow":"follow","max-snippet":"max-snippet:-1","max-image-preview":"max-image-preview:large","max-video-preview":"max-video-preview:-1"},"canonical":"https:\/\/losdoscaballeros.com\/de\/bodega\/","og_locale":"de_DE","og_type":"article","og_title":"Bodega - Los Dos Caballeros","og_url":"https:\/\/losdoscaballeros.com\/de\/bodega\/","og_site_name":"Los Dos Caballeros","article_modified_time":"2024-06-13T15:01:25+00:00","twitter_card":"summary_large_image","schema":{"@context":"https:\/\/schema.org","@graph":[{"@type":"WebPage","@id":"https:\/\/losdoscaballeros.com\/bodega\/","url":"https:\/\/losdoscaballeros.com\/bodega\/","name":"Bodega - Los Dos Caballeros","isPartOf":{"@id":"https:\/\/losdoscaballeros.com\/#website"},"datePublished":"2020-03-25T08:52:14+00:00","dateModified":"2024-06-13T15:01:25+00:00","breadcrumb":{"@id":"https:\/\/losdoscaballeros.com\/bodega\/#breadcrumb"},"inLanguage":"de","potentialAction":[{"@type":"ReadAction","target":["https:\/\/losdoscaballeros.com\/bodega\/"]}]},{"@type":"BreadcrumbList","@id":"https:\/\/losdoscaballeros.com\/bodega\/#breadcrumb","itemListElement":[{"@type":"ListItem","position":1,"name":"Home","item":"https:\/\/losdoscaballeros.com\/"},{"@type":"ListItem","position":2,"name":"Bodega"}]},{"@type":"WebSite","@id":"https:\/\/losdoscaballeros.com\/#website","url":"https:\/\/losdoscaballeros.com\/","name":"Los Dos Caballeros","description":"Winery","potentialAction":[{"@type":"SearchAction","target":{"@type":"EntryPoint","urlTemplate":"https:\/\/losdoscaballeros.com\/?s={search_term_string}"},"query-input":"required name=search_term_string"}],"inLanguage":"de"}]}},"_links":{"self":[{"href":"https:\/\/losdoscaballeros.com\/de\/wp-json\/wp\/v2\/pages\/3503"}],"collection":[{"href":"https:\/\/losdoscaballeros.com\/de\/wp-json\/wp\/v2\/pages"}],"about":[{"href":"https:\/\/losdoscaballeros.com\/de\/wp-json\/wp\/v2\/types\/page"}],"author":[{"embeddable":true,"href":"https:\/\/losdoscaballeros.com\/de\/wp-json\/wp\/v2\/users\/1"}],"replies":[{"embeddable":true,"href":"https:\/\/losdoscaballeros.com\/de\/wp-json\/wp\/v2\/comments?post=3503"}],"version-history":[{"count":43,"href":"https:\/\/losdoscaballeros.com\/de\/wp-json\/wp\/v2\/pages\/3503\/revisions"}],"predecessor-version":[{"id":6649,"href":"https:\/\/losdoscaballeros.com\/de\/wp-json\/wp\/v2\/pages\/3503\/revisions\/6649"}],"wp:attachment":[{"href":"https:\/\/losdoscaballeros.com\/de\/wp-json\/wp\/v2\/media?parent=3503"}],"curies":[{"name":"wp","href":"https:\/\/api.w.org\/{rel}","templated":true}]}}