{"id":3032,"date":"2020-03-20T15:46:53","date_gmt":"2020-03-20T15:46:53","guid":{"rendered":"https:\/\/losdoscaballeros.com\/?page_id=3032"},"modified":"2026-04-26T12:17:08","modified_gmt":"2026-04-26T12:17:08","slug":"contact","status":"publish","type":"page","link":"https:\/\/losdoscaballeros.com\/de\/contact\/","title":{"rendered":"KONTAKT"},"content":{"rendered":"<div  class=\"tatsu-r8HdTOGqU tatsu-section  tatsu-parallax tatsu-section-custom-height tatsu-bg-overlay   tatsu-clearfix\" data-title=\"\"  data-headerscheme=\"background--dark\"><div class = \"tatsu-custom-height-wrap\"><div class='tatsu-section-pad clearfix' data-padding='{\"d\":\"200px 0% 400px 0%\"}' data-padding-top='200px'><\/div><div class=\"tatsu-section-background-wrap tatsu-parallax-element-wrap\"><div class = \"tatsu-section-background tatsu-parallax-element\" ><\/div><\/div><div class=\"tatsu-overlay tatsu-section-overlay\"><\/div><\/div><style>.tatsu-r8HdTOGqU.tatsu-section{background-color: rgba(29,29,29,1);}.tatsu-r8HdTOGqU .tatsu-section-background{background-image: url(https:\/\/losdoscaballeros.com\/wp-content\/uploads\/2020\/04\/C8B2852F-932D-4318-8010-B923E1382482_1_105_c.jpeg);background-repeat: no-repeat;background-attachment: scroll;background-position: center center;background-size: cover;}.tatsu-r8HdTOGqU .tatsu-bg-blur{background-repeat: no-repeat;background-attachment: scroll;background-position: center center;background-size: cover;}.tatsu-r8HdTOGqU{border-width: 0px 0px px 0px;border-style: solid;}.tatsu-r8HdTOGqU .tatsu-section-pad{padding: 200px 0% 400px 0%;}.tatsu-r8HdTOGqU > .tatsu-bottom-divider{z-index: 9999;}.tatsu-r8HdTOGqU > .tatsu-top-divider{z-index: 9999;}.tatsu-r8HdTOGqU .tatsu-section-overlay{background: rgba(0,0,0,0.1);mix-blend-mode: normal;}.tatsu-r8HdTOGqU .tatsu-custom-height-wrap{align-items: center;min-height: 0vh;}<\/style><\/div><div  class=\"tatsu-Mx6lc5A1XR tatsu-section    tatsu-clearfix\" data-title=\"\"  data-headerscheme=\"background--dark\"><div class='tatsu-section-pad clearfix' data-padding='{\"d\":\"0px 0px 50px 0px\"}' data-padding-top='0px'><div class=\"tatsu-row-wrap  tatsu-row-full-width tatsu-row-one-col tatsu-row-has-one-cols tatsu-medium-gutter tatsu-reg-cols  tatsu-clearfix tatsu-QbkI0l67R2\" ><style>.tatsu-QbkI0l67R2 > .tatsu-row{margin-top: 60px;}.tatsu-QbkI0l67R2.tatsu-row-wrap > .tatsu-row{margin-bottom: 0px;}<\/style><div  class=\"tatsu-row\" ><div  class=\"tatsu-column  tatsu-column-no-bg tatsu-one-col tatsu-column-image-none tatsu-column-effect-none  tatsu-Tt3wBNxhMZ\"  data-parallax-speed=\"0\" style=\"\"><div class=\"tatsu-column-inner\" ><div class=\"tatsu-column-pad-wrap\"><div class=\"tatsu-column-pad\" ><div  class=\"tatsu-module tatsu-text-block-wrap tatsu-YOtUjoxiHJ\"><div class=\"tatsu-text-inner tatsu-align-center  clearfix\" ><style>.tatsu-YOtUjoxiHJ.tatsu-text-block-wrap .tatsu-text-inner{width: 100%;text-align: left;padding: 0px 0px 10px 0px;}.tatsu-YOtUjoxiHJ.tatsu-text-block-wrap{margin: 0px 0px 0px 0px;}<\/style>\n<p style=\"text-align: center;\"><span class=\"special-subtitle\" style=\"font-size: 13px; width: 60%;\">FINCA DE LOS DOS CABALLEROS<\/span><\/p>\n<h1 style=\"text-align: center;\">KONTAKT<\/h1>\n<p style=\"text-align: center;\">Wenn Sie Fragen und Anregungen haben, kontaktieren Sie uns bitte per email oder Whatsapp.<\/p>\n<\/div><\/div><\/div><\/div><div class = \"tatsu-column-bg-image-wrap\"><div class = \"tatsu-column-bg-image\" ><\/div><\/div><\/div><style>.tatsu-row > .tatsu-Tt3wBNxhMZ.tatsu-column{width: 100%;}.tatsu-Tt3wBNxhMZ.tatsu-column > .tatsu-column-inner > .tatsu-column-overlay{mix-blend-mode: none;}.tatsu-Tt3wBNxhMZ > .tatsu-column-inner > .tatsu-top-divider{z-index: 9999;}.tatsu-Tt3wBNxhMZ > .tatsu-column-inner > .tatsu-bottom-divider{z-index: 9999;}.tatsu-Tt3wBNxhMZ > .tatsu-column-inner > .tatsu-left-divider{z-index: 9999;}.tatsu-Tt3wBNxhMZ > .tatsu-column-inner > .tatsu-right-divider{z-index: 9999;}@media only screen and (max-width:1377px) {.tatsu-row > .tatsu-Tt3wBNxhMZ.tatsu-column{width: 100%;}}@media only screen and (min-width:768px) and (max-width: 1024px) {.tatsu-row > .tatsu-Tt3wBNxhMZ.tatsu-column{width: 100%;}}@media only screen and (max-width: 767px) {.tatsu-row > .tatsu-Tt3wBNxhMZ.tatsu-column{width: 100%;}}<\/style><\/div><\/div><\/div><\/div><div class=\"tatsu-section-background-wrap\"><div class = \"tatsu-section-background\" ><\/div><\/div><style>.tatsu-Mx6lc5A1XR.tatsu-section{background-color: rgba(242,242,242,1);}.tatsu-Mx6lc5A1XR .tatsu-section-pad{padding: 0px 0px 50px 0px;}.tatsu-Mx6lc5A1XR > .tatsu-bottom-divider{z-index: 9999;}.tatsu-Mx6lc5A1XR > .tatsu-top-divider{z-index: 9999;}<\/style><\/div><div  class=\"tatsu-hixkdIHzfP tatsu-section    tatsu-clearfix\" data-title=\"\"  data-headerscheme=\"background--dark\"><div class='tatsu-section-pad clearfix' data-padding='{\"d\":\"50px 0px 50px 0px\"}' data-padding-top='50px'><div class=\"tatsu-row-wrap  tatsu-wrap tatsu-row-has-one-half tatsu-row-has-two-cols tatsu-medium-gutter tatsu-reg-cols  tatsu-clearfix tatsu-TSI_pCHS4g\" ><div  class=\"tatsu-row\" ><div  class=\"tatsu-column  tatsu-column-no-bg tatsu-one-half tatsu-column-image-none tatsu-column-effect-none  tatsu-esFH-GQpA4\"  data-parallax-speed=\"0\" style=\"\"><div class=\"tatsu-column-inner\" ><div class=\"tatsu-column-pad-wrap\"><div class=\"tatsu-column-pad\" ><div  class=\"tatsu-module tatsu-gmap-wrapper be-gdpr-consent-required tatsu-ByGMvr08i\" data-gdpr-concern=\"gmaps\" ><div class=\"tatsu-gmap map_960\" data-address=\"Los Dos Caballeros Winery & Vacation Rental\" data-zoom=\"10\" data-latitude=\"39.7056297\" data-longitude=\"2.9796396\" data-marker=\"\" data-style=\"lightdream\"><\/div><style>.tatsu-ByGMvr08i{height: 300px;margin: 0px 0px 0px 0px;}<\/style><\/div><\/div><\/div><div class = \"tatsu-column-bg-image-wrap\"><div class = \"tatsu-column-bg-image\" ><\/div><\/div><\/div><style>.tatsu-row > .tatsu-esFH-GQpA4.tatsu-column{width: 50%;}.tatsu-esFH-GQpA4.tatsu-column > .tatsu-column-inner > .tatsu-column-overlay{mix-blend-mode: none;}.tatsu-esFH-GQpA4 > .tatsu-column-inner > .tatsu-top-divider{z-index: 9999;}.tatsu-esFH-GQpA4 > .tatsu-column-inner > .tatsu-bottom-divider{z-index: 9999;}.tatsu-esFH-GQpA4 > .tatsu-column-inner > .tatsu-left-divider{z-index: 9999;}.tatsu-esFH-GQpA4 > .tatsu-column-inner > .tatsu-right-divider{z-index: 9999;}@media only screen and (max-width: 767px) {.tatsu-row > .tatsu-esFH-GQpA4.tatsu-column{width: 100%;}}<\/style><\/div><div  class=\"tatsu-column  tatsu-column-no-bg tatsu-one-half tatsu-column-image-none tatsu-column-effect-none  tatsu-UWvmLVJWiN\"  data-parallax-speed=\"0\" style=\"\"><div class=\"tatsu-column-inner\" ><div class=\"tatsu-column-pad-wrap\"><div class=\"tatsu-column-pad\" ><div  class=\"special-subtitle-wrap  tatsu-j7EQ_2hH9f\"  ><div class=\"align-left\"><span class=\"special-subtitle\" >Adresse<\/span><\/div><style>.tatsu-j7EQ_2hH9f .special-subtitle{font-size: 13px;width: 60%;}.tatsu-j7EQ_2hH9f.special-subtitle-wrap{margin-bottom: 10px;}<\/style><\/div><div  class=\"tatsu-module tatsu-inline-text clearfix tatsu-jbPwCD9xmxF\" ><style>.tatsu-jbPwCD9xmxF .tatsu-inline-text-inner{width: 100%;text-align: left;padding: 0px 0px 15px 0px;}.tatsu-jbPwCD9xmxF.tatsu-inline-text{margin: 0px 0px 0px 0px;}@media only screen and (max-width: 767px) {.tatsu-jbPwCD9xmxF .tatsu-inline-text-inner{width: 100%;}}<\/style><div class=\"tatsu-inline-text-inner tatsu-align-center\">\n<h6 style=\"text-align: left;\"><span style=\"color: #b59757;\">Los Dos Caballeros<\/span><\/h6>\n<p>Poligono 5<br \/>Parcela 362<br \/>07300 Inca \/ Spain<\/p>\n<\/div><\/div><div  class=\"tatsu-module tatsu-normal-button tatsu-button-wrap align-block block-left  tatsu-G7IpiprE7X\"><a class=\"tatsu-shortcode mediumbtn tatsu-button left-icon    bg-animation-none\" href=\"mailto: info@losdoscaballeros.com\" style= \"\"  aria-label=\"Senden Sie uns eine email\" data-gdpr-atts=\"{}\" >Senden Sie uns eine email<\/a><style>.tatsu-G7IpiprE7X .tatsu-button{background-color: rgba(181,151,87,1);color: rgba(255,255,255,1) ;}<\/style><\/div><div  class=\"tatsu-single-image tatsu-module align-left tatsu-image-lazyload tatsu-external-image tatsu-9ZtmrFzs7\" ><div class=\"tatsu-single-image-inner\" style=\"\" ><div class = \"tatsu-single-image-padding-wrap\" style = \"\" ><\/div><a href = \"https:\/\/wa.me\/0034672473508\" ><img class = \"tatsu-gradient-border\" data-src = \"https:\/\/losdoscaballeros.com\/wp-content\/uploads\/2020\/03\/whatsapp.png\" alt =\" \"  src =\"data:image\/png;base64,iVBORw0KGgoAAAANSUhEUgAAAAEAAAABCAQAAAC1HAwCAAAAC0lEQVR42mNkYAAAAAYAAjCB0C8AAAAASUVORK5CYII=\"  \/><\/a><\/div><style>.tatsu-9ZtmrFzs7 .tatsu-single-image-inner{border-style: solid;max-width: 12%;}.tatsu-9ZtmrFzs7.tatsu-single-image{transform: translate3d(0px,0px, 0);}<\/style><\/div><\/div><\/div><div class = \"tatsu-column-bg-image-wrap\"><div class = \"tatsu-column-bg-image\" ><\/div><\/div><\/div><style>.tatsu-row > .tatsu-UWvmLVJWiN.tatsu-column{width: 50%;}.tatsu-UWvmLVJWiN.tatsu-column > .tatsu-column-inner > .tatsu-column-overlay{mix-blend-mode: none;}.tatsu-UWvmLVJWiN > .tatsu-column-inner > .tatsu-top-divider{z-index: 9999;}.tatsu-UWvmLVJWiN > .tatsu-column-inner > .tatsu-bottom-divider{z-index: 9999;}.tatsu-UWvmLVJWiN > .tatsu-column-inner > .tatsu-left-divider{z-index: 9999;}.tatsu-UWvmLVJWiN > .tatsu-column-inner > .tatsu-right-divider{z-index: 9999;}@media only screen and (max-width: 767px) {.tatsu-row > .tatsu-UWvmLVJWiN.tatsu-column{width: 100%;}}<\/style><\/div><\/div><\/div><\/div><div class=\"tatsu-section-background-wrap\"><div class = \"tatsu-section-background\" ><\/div><\/div><style>.tatsu-hixkdIHzfP .tatsu-section-pad{padding: 50px 0px 50px 0px;}.tatsu-hixkdIHzfP > .tatsu-bottom-divider{z-index: 9999;}.tatsu-hixkdIHzfP > .tatsu-top-divider{z-index: 9999;}<\/style><\/div><div  class=\"tatsu-BJFUXB0Is tatsu-section    tatsu-clearfix\" data-title=\"\"  data-headerscheme=\"background--dark\"><div class='tatsu-section-pad clearfix' data-padding='{\"d\":\"50px 0px 50px 0px\"}' data-padding-top='50px'><div class=\"tatsu-row-wrap  tatsu-wrap tatsu-row-has-one-half tatsu-row-has-two-cols tatsu-medium-gutter tatsu-reg-cols  tatsu-clearfix tatsu-ByeFUmBC8i\" ><div  class=\"tatsu-row\" ><div  class=\"tatsu-column  tatsu-column-no-bg tatsu-one-half tatsu-column-image-none tatsu-column-effect-none  tatsu-BJWtIXHCLo\"  data-parallax-speed=\"0\" style=\"\"><div class=\"tatsu-column-inner\" ><div class=\"tatsu-column-pad-wrap\"><div class=\"tatsu-column-pad\" ><div  class=\"tatsu-module tatsu-inline-text clearfix tatsu-SkftU7BRIo\" ><style>.tatsu-SkftU7BRIo .tatsu-inline-text-inner{width: 100%;text-align: left;}.tatsu-SkftU7BRIo.tatsu-inline-text{margin: 0px 0px 40px 0px;}<\/style><div class=\"tatsu-inline-text-inner\">\n<h5 style=\"background-color: #ffffff; text-align: left;\"><span class=\"palette-0\">Unser Standort<\/span><\/h5>\n<div class=\"page\" title=\"Die Finca und das Weingut Los Dos Caballeros befindet sich im Herzen Mallorcas, an der Autobahnausfahrt nach Inca\/Llubi zwischen Palma und Alcudia. Die n\u00e4chstgelegenen St\u00e4dte sind Inca (ca. 6km entfernt) und das sch\u00f6ne kleine Dorf Llubi (2km entfernt). Der Flughafen von Palma (PMI) sowie die H\u00e4fen von Palma und Alcudia sind in 25 Minuten mit dem Auto zu erreichen. Von dort aus gibt es direkte F\u00e4hrverbindungen nach Barcelona, Menorca, Ibiza, Valencia und anderen Zielen. Der n\u00e4chstgelegene Strand ist der Strand von Muro (15 km entfernt), ein wundersch\u00f6ner wei\u00dfer Sandstrand und einer der besten Str\u00e4nde der Insel.\">\n<div class=\"layoutArea\">\n<div class=\"column\">\n<p>Die Finca und Bodega \"Los dos Caballeros\" befindet sich im Herzen Mallorcas, in der N\u00e4he der Autobahn zwischen Palma und Alcudia. Die n\u00e4chstgelegenen St\u00e4dte sind Inca (ca. 6 km entfernt) und das sch\u00f6ne kleine Dorf Llubi (2 km entfernt). Der Flughafen von Palma (PMI) sowie die H\u00e4fen von Palma und Alcudia sind in 25 Minuten mit dem Auto zu erreichen. Von dort aus gibt es direkte Autof\u00e4hren nach Barcelona, Menorca, Ibiza, Valencia und anderen Zielen. Der n\u00e4chstgelegene Strand ist der Strand von Muro (15 km entfernt), ein wundersch\u00f6ner wei\u00dfer Sandstrand und einer der besten Str\u00e4nde der Insel.<\/p>\n<\/div>\n<\/div>\n<\/div>\n<\/div><\/div><\/div><\/div><div class = \"tatsu-column-bg-image-wrap\"><div class = \"tatsu-column-bg-image\" ><\/div><\/div><\/div><style>.tatsu-row > .tatsu-BJWtIXHCLo.tatsu-column{width: 50%;}.tatsu-BJWtIXHCLo.tatsu-column > .tatsu-column-inner > .tatsu-column-overlay{mix-blend-mode: none;}.tatsu-BJWtIXHCLo > .tatsu-column-inner > .tatsu-top-divider{z-index: 9999;}.tatsu-BJWtIXHCLo > .tatsu-column-inner > .tatsu-bottom-divider{z-index: 9999;}.tatsu-BJWtIXHCLo > .tatsu-column-inner > .tatsu-left-divider{z-index: 9999;}.tatsu-BJWtIXHCLo > .tatsu-column-inner > .tatsu-right-divider{z-index: 9999;}@media only screen and (max-width: 767px) {.tatsu-row > .tatsu-BJWtIXHCLo.tatsu-column{width: 100%;}}<\/style><\/div><div  class=\"tatsu-column  tatsu-column-no-bg tatsu-one-half tatsu-column-image-none tatsu-column-effect-none  tatsu-BJ7t8XrCUj\"  data-parallax-speed=\"0\" style=\"\"><div class=\"tatsu-column-inner\" ><div class=\"tatsu-column-pad-wrap\"><div class=\"tatsu-column-pad\" ><div  class=\"tatsu-single-image tatsu-module tatsu-image-lazyload tatsu-H1TM4r0Is\" ><div class=\"tatsu-single-image-inner\" style=\"width : 2560px;\" ><div class = \"tatsu-single-image-padding-wrap\" style = \"padding-bottom : 75%;\" ><\/div><img class = \"tatsu-gradient-border\" alt = \"\" title = \"IMG_2907\" data-src = \"https:\/\/losdoscaballeros.com\/wp-content\/uploads\/2023\/05\/IMG_2907-scaled.jpeg\" src =\"data:image\/png;base64,iVBORw0KGgoAAAANSUhEUgAAAAEAAAABCAQAAAC1HAwCAAAAC0lEQVR42mNkYAAAAAYAAjCB0C8AAAAASUVORK5CYII=\"  \/><\/div><style>.tatsu-H1TM4r0Is .tatsu-single-image-inner{border-style: solid;max-width: 100%;}.tatsu-H1TM4r0Is.tatsu-single-image{transform: translate3d(0px,0px, 0);}<\/style><\/div><\/div><\/div><div class = \"tatsu-column-bg-image-wrap\"><div class = \"tatsu-column-bg-image\" ><\/div><\/div><\/div><style>.tatsu-row > .tatsu-BJ7t8XrCUj.tatsu-column{width: 50%;}.tatsu-BJ7t8XrCUj.tatsu-column > .tatsu-column-inner > .tatsu-column-overlay{mix-blend-mode: none;}.tatsu-BJ7t8XrCUj > .tatsu-column-inner > .tatsu-top-divider{z-index: 9999;}.tatsu-BJ7t8XrCUj > .tatsu-column-inner > .tatsu-bottom-divider{z-index: 9999;}.tatsu-BJ7t8XrCUj > .tatsu-column-inner > .tatsu-left-divider{z-index: 9999;}.tatsu-BJ7t8XrCUj > .tatsu-column-inner > .tatsu-right-divider{z-index: 9999;}@media only screen and (max-width: 767px) {.tatsu-row > .tatsu-BJ7t8XrCUj.tatsu-column{width: 100%;}}<\/style><\/div><\/div><\/div><\/div><div class=\"tatsu-section-background-wrap\"><div class = \"tatsu-section-background\" ><\/div><\/div><style>.tatsu-BJFUXB0Is .tatsu-section-pad{padding: 50px 0px 50px 0px;}.tatsu-BJFUXB0Is > .tatsu-bottom-divider{z-index: 9999;}.tatsu-BJFUXB0Is > .tatsu-top-divider{z-index: 9999;}<\/style><\/div><div  class=\"tatsu-akq47wYK27o tatsu-section    tatsu-clearfix\" data-title=\"\"  data-headerscheme=\"background--dark\"><div class='tatsu-section-pad clearfix' data-padding='{\"d\":\"20px 0px 20px 0px\"}' data-padding-top='20px'><div class=\"tatsu-row-wrap  tatsu-row-full-width tatsu-row-one-col tatsu-row-has-one-cols tatsu-medium-gutter tatsu-reg-cols  tatsu-clearfix tatsu-gUg1D_R7Krw\" ><div  class=\"tatsu-row\" ><div  class=\"tatsu-column  tatsu-column-no-bg tatsu-one-col tatsu-column-image-none tatsu-column-effect-none  tatsu-fkhDiJ0OuFc\"  data-parallax-speed=\"0\" style=\"\"><div class=\"tatsu-column-inner\" ><div class=\"tatsu-column-pad-wrap\"><div class=\"tatsu-column-pad\" ><div  class=\"tatsu-module tatsu-call-to-action tatsu-clearfix  tatsu-AzV0Bb8z3Jv\" ><div class=\"tatsu-cta-inner\"><h4 class=\"tatsu-action-content\" >Unsere Zimmer und Unterku\u0308nfte<\/h4><a class=\"mediumbtn tatsu-button rounded tatsu-action-button\" href=\"https:\/\/losdoscaballeros.com\/de\/accommodation\/\" data-gdpr-atts=\"{}\" ><span>ANFRAGE<\/span><\/a><style>.tatsu-AzV0Bb8z3Jv .tatsu-action-content{color: #ffffff ;}.tatsu-AzV0Bb8z3Jv .tatsu-action-button{background: rgba(255,255,255,1);border-color: #ffffff; }.tatsu-AzV0Bb8z3Jv .tatsu-action-button:hover{background: rgba(181,151,87,1);border-color: #ffffff; }.tatsu-AzV0Bb8z3Jv .tatsu-action-button span{color: rgba(181,151,87,1) ;}.tatsu-AzV0Bb8z3Jv .tatsu-action-button:hover span{color: rgba(255,255,255,1) ;}<\/style><\/div><\/div><\/div><\/div><div class = \"tatsu-column-bg-image-wrap\"><div class = \"tatsu-column-bg-image\" ><\/div><\/div><\/div><style>.tatsu-row > .tatsu-fkhDiJ0OuFc.tatsu-column{width: 100%;}.tatsu-fkhDiJ0OuFc.tatsu-column > .tatsu-column-inner > .tatsu-column-overlay{mix-blend-mode: none;}.tatsu-fkhDiJ0OuFc > .tatsu-column-inner > .tatsu-top-divider{z-index: 9999;}.tatsu-fkhDiJ0OuFc > .tatsu-column-inner > .tatsu-bottom-divider{z-index: 9999;}.tatsu-fkhDiJ0OuFc > .tatsu-column-inner > .tatsu-left-divider{z-index: 9999;}.tatsu-fkhDiJ0OuFc > .tatsu-column-inner > .tatsu-right-divider{z-index: 9999;}<\/style><\/div><\/div><\/div><\/div><div class=\"tatsu-section-background-wrap\"><div class = \"tatsu-section-background\" ><\/div><\/div><style>.tatsu-akq47wYK27o .tatsu-section-background{background-image: url(https:\/\/losdoscaballeros.com\/wp-content\/uploads\/2020\/03\/home-pattern-los-dos-caballeros-1.png);background-repeat: no-repeat;background-attachment: scroll;background-position: top left;background-size: cover;}.tatsu-akq47wYK27o .tatsu-bg-blur{background-repeat: no-repeat;background-attachment: scroll;background-position: top left;background-size: cover;}.tatsu-akq47wYK27o .tatsu-section-pad{padding: 20px 0px 20px 0px;}.tatsu-akq47wYK27o > .tatsu-bottom-divider{z-index: 9999;}.tatsu-akq47wYK27o > .tatsu-top-divider{z-index: 9999;}<\/style><\/div>","protected":false},"excerpt":{"rendered":"<p> KONTAKT    <\/p>\n<p><a href=\"https:\/\/losdoscaballeros.com\/de\/contact\/\" class=\"more-link style3-button\">Weiterlesen<\/a><\/p>","protected":false},"author":1,"featured_media":0,"parent":0,"menu_order":0,"comment_status":"closed","ping_status":"closed","template":"","meta":{"_monsterinsights_skip_tracking":false,"_monsterinsights_sitenote_active":false,"_monsterinsights_sitenote_note":"","_monsterinsights_sitenote_category":0,"footnotes":""},"yoast_head":"<!-- This site is optimized with the Yoast SEO plugin v22.3 - https:\/\/yoast.com\/wordpress\/plugins\/seo\/ -->\n<title>CONTACT - Los Dos Caballeros<\/title>\n<meta name=\"description\" content=\"CONTACT\" \/>\n<meta name=\"robots\" content=\"index, follow, max-snippet:-1, max-image-preview:large, max-video-preview:-1\" \/>\n<link rel=\"canonical\" href=\"https:\/\/losdoscaballeros.com\/de\/contact\/\" \/>\n<meta property=\"og:locale\" content=\"de_DE\" \/>\n<meta property=\"og:type\" content=\"article\" \/>\n<meta property=\"og:title\" content=\"CONTACT - Los Dos Caballeros\" \/>\n<meta property=\"og:description\" content=\"CONTACT\" \/>\n<meta property=\"og:url\" content=\"https:\/\/losdoscaballeros.com\/de\/contact\/\" \/>\n<meta property=\"og:site_name\" content=\"Los Dos Caballeros\" \/>\n<meta property=\"article:modified_time\" content=\"2026-04-26T12:17:08+00:00\" \/>\n<meta name=\"twitter:card\" content=\"summary_large_image\" \/>\n<script type=\"application\/ld+json\" class=\"yoast-schema-graph\">{\"@context\":\"https:\/\/schema.org\",\"@graph\":[{\"@type\":\"WebPage\",\"@id\":\"https:\/\/losdoscaballeros.com\/contact\/\",\"url\":\"https:\/\/losdoscaballeros.com\/contact\/\",\"name\":\"CONTACT - Los Dos Caballeros\",\"isPartOf\":{\"@id\":\"https:\/\/losdoscaballeros.com\/#website\"},\"datePublished\":\"2020-03-20T15:46:53+00:00\",\"dateModified\":\"2026-04-26T12:17:08+00:00\",\"description\":\"CONTACT\",\"breadcrumb\":{\"@id\":\"https:\/\/losdoscaballeros.com\/contact\/#breadcrumb\"},\"inLanguage\":\"de\",\"potentialAction\":[{\"@type\":\"ReadAction\",\"target\":[\"https:\/\/losdoscaballeros.com\/contact\/\"]}]},{\"@type\":\"BreadcrumbList\",\"@id\":\"https:\/\/losdoscaballeros.com\/contact\/#breadcrumb\",\"itemListElement\":[{\"@type\":\"ListItem\",\"position\":1,\"name\":\"Home\",\"item\":\"https:\/\/losdoscaballeros.com\/\"},{\"@type\":\"ListItem\",\"position\":2,\"name\":\"CONTACT\"}]},{\"@type\":\"WebSite\",\"@id\":\"https:\/\/losdoscaballeros.com\/#website\",\"url\":\"https:\/\/losdoscaballeros.com\/\",\"name\":\"Los Dos Caballeros\",\"description\":\"Winery\",\"potentialAction\":[{\"@type\":\"SearchAction\",\"target\":{\"@type\":\"EntryPoint\",\"urlTemplate\":\"https:\/\/losdoscaballeros.com\/?s={search_term_string}\"},\"query-input\":\"required name=search_term_string\"}],\"inLanguage\":\"de\"}]}<\/script>\n<!-- \/ Yoast SEO plugin. -->","yoast_head_json":{"title":"CONTACT - Los Dos Caballeros","description":"CONTACT","robots":{"index":"index","follow":"follow","max-snippet":"max-snippet:-1","max-image-preview":"max-image-preview:large","max-video-preview":"max-video-preview:-1"},"canonical":"https:\/\/losdoscaballeros.com\/de\/contact\/","og_locale":"de_DE","og_type":"article","og_title":"CONTACT - Los Dos Caballeros","og_description":"CONTACT","og_url":"https:\/\/losdoscaballeros.com\/de\/contact\/","og_site_name":"Los Dos Caballeros","article_modified_time":"2026-04-26T12:17:08+00:00","twitter_card":"summary_large_image","schema":{"@context":"https:\/\/schema.org","@graph":[{"@type":"WebPage","@id":"https:\/\/losdoscaballeros.com\/contact\/","url":"https:\/\/losdoscaballeros.com\/contact\/","name":"CONTACT - Los Dos Caballeros","isPartOf":{"@id":"https:\/\/losdoscaballeros.com\/#website"},"datePublished":"2020-03-20T15:46:53+00:00","dateModified":"2026-04-26T12:17:08+00:00","description":"CONTACT","breadcrumb":{"@id":"https:\/\/losdoscaballeros.com\/contact\/#breadcrumb"},"inLanguage":"de","potentialAction":[{"@type":"ReadAction","target":["https:\/\/losdoscaballeros.com\/contact\/"]}]},{"@type":"BreadcrumbList","@id":"https:\/\/losdoscaballeros.com\/contact\/#breadcrumb","itemListElement":[{"@type":"ListItem","position":1,"name":"Home","item":"https:\/\/losdoscaballeros.com\/"},{"@type":"ListItem","position":2,"name":"CONTACT"}]},{"@type":"WebSite","@id":"https:\/\/losdoscaballeros.com\/#website","url":"https:\/\/losdoscaballeros.com\/","name":"Los Dos Caballeros","description":"Winery","potentialAction":[{"@type":"SearchAction","target":{"@type":"EntryPoint","urlTemplate":"https:\/\/losdoscaballeros.com\/?s={search_term_string}"},"query-input":"required name=search_term_string"}],"inLanguage":"de"}]}},"_links":{"self":[{"href":"https:\/\/losdoscaballeros.com\/de\/wp-json\/wp\/v2\/pages\/3032"}],"collection":[{"href":"https:\/\/losdoscaballeros.com\/de\/wp-json\/wp\/v2\/pages"}],"about":[{"href":"https:\/\/losdoscaballeros.com\/de\/wp-json\/wp\/v2\/types\/page"}],"author":[{"embeddable":true,"href":"https:\/\/losdoscaballeros.com\/de\/wp-json\/wp\/v2\/users\/1"}],"replies":[{"embeddable":true,"href":"https:\/\/losdoscaballeros.com\/de\/wp-json\/wp\/v2\/comments?post=3032"}],"version-history":[{"count":110,"href":"https:\/\/losdoscaballeros.com\/de\/wp-json\/wp\/v2\/pages\/3032\/revisions"}],"predecessor-version":[{"id":6777,"href":"https:\/\/losdoscaballeros.com\/de\/wp-json\/wp\/v2\/pages\/3032\/revisions\/6777"}],"wp:attachment":[{"href":"https:\/\/losdoscaballeros.com\/de\/wp-json\/wp\/v2\/media?parent=3032"}],"curies":[{"name":"wp","href":"https:\/\/api.w.org\/{rel}","templated":true}]}}